{"id":83,"date":"2020-04-09T18:24:20","date_gmt":"2020-04-09T16:24:20","guid":{"rendered":"http:\/\/jesus-reformation.ch\/?page_id=83"},"modified":"2025-10-04T18:43:06","modified_gmt":"2025-10-04T18:43:06","slug":"biblische-lehre","status":"publish","type":"page","link":"https:\/\/jesus-reformation.com\/?page_id=83","title":{"rendered":"Biblische Lehre"},"content":{"rendered":"\n<h1 class=\"wp-block-heading\">Das Evangelium durch die Blume erkl\u00e4rt<\/h1>\n\n\n\n<p>Dieses Teaching soll helfen, auf einfache Weise, das gr\u00f6ssere Bild des Evangeliums in Erinnerung zu halten. Es soll helfen f\u00e4hig zu werden das Evangelium in irgendeiner Form, einer Illustration (z.B. Cups) oder in einer 3 min\u00fctigen Version auf der Strasse, weiterzugeben. Es soll helfen die n\u00f6tigen und relevanten Punkte des Evangeliums f\u00fcr sich pr\u00e4sent zu haben, wo auch immer wir uns bewegen. <a href=\"https:\/\/jesus-reformation.com\/?page_id=1820\">Weiterlesen<\/a><\/p>\n\n\n\n<h1 class=\"wp-block-heading\">Pr\u00fcfe und werde m\u00fcndig!&nbsp;<\/h1>\n\n\n\n<p>Es geht drunter und dr\u00fcber! Was sollen wir noch glauben? Ein perfektes Umfeld f\u00fcr den Wachstum von &#8222;Fake-News&#8220;, falschen Lehren &amp; Propheten. Bist du f\u00e4hig zu pr\u00fcfen was gut und richtig ist? Wie gehst du vor? Was ist dein Fundament und Pr\u00fcfwerkzeug? Das Wort Gottes will unsere Richtschnur sein, unser Kompass in nebligen Zeiten! <a href=\"https:\/\/jesus-reformation.com\/?page_id=1785\">Weiterlesen<\/a><\/p>\n\n\n\n<h1 class=\"wp-block-heading entry-title\">Tut Bu\u00dfe! \u2013 Das volle Evangelium predigen<\/h1>\n\n\n\n<p>\u00ab<strong>Predigt das Evangelium!<\/strong>\u00bb, hat Jesus nicht nur seinen 11 Aposteln befohlen (Markus 16,15), sondern indirekt auch uns. Denn in Matth\u00e4us 28,20 sagt Jesus zu den Aposteln, dass sie alle (!) Gebote, die er ihnen gegeben hat, den zuk\u00fcnftigen J\u00fcngern aus allen V\u00f6lkern lehren sollten, dass auch jene die Gebote umsetzen.<\/p>\n\n\n\n<p>Dass wir Christen aufgrund von Scham oder fehlender praktischer Zur\u00fcstung durch die Kirchen unseren Mitmenschen die gute Nachricht \u00fcber Jesus als dem einzigen Weg zu Gott oft verschweigen, ist die eine Not. <a href=\"https:\/\/jesus-reformation.com\/?page_id=1787\">Weiterlesen<\/a><\/p>\n\n\n\n<h1 class=\"wp-block-heading entry-title\">Beweise f\u00fcr die Glaubw\u00fcrdigkeit der Bibel<\/h1>\n\n\n\n<p>Viele Leute haben grosse M\u00fche, der Bibel zu vertrauen. Auch Dr. Lukas Stolz hat l\u00e4nger an der Glaubw\u00fcrdigkeit der Bibel gezweifelt. Aber aufgrund einer Begegnung mit Gott und wegen seinen jahrelangen Forschungen zur Bibel ist er mittlerweile fest \u00fcberzeugt, dass man dem Buch der B\u00fccher voll vertrauen kann. Er ist auch sicher, dass man die Zuverl\u00e4ssigkeit der Bibel beweisen kann. Sei dabei und entdecke eindr\u00fcckliche (g\u00f6ttliche) Beweise f\u00fcr die Glaubw\u00fcrdigkeit der Bibel! <a href=\"https:\/\/jesus-reformation.com\/?page_id=1789\">Weiterlesen<\/a><\/p>\n\n\n\n<h1 class=\"wp-block-heading entry-title\">J\u00fcgerschaft (Kickstart Seminar)<\/h1>\n\n\n\n<p><strong>Was ist ein \u201cKickstart-Seminar\u201c?<\/strong><br>Wie ein Mofa\/\u201cT\u00f6ffli\u201c manchmal den \u201cKickstart\u201c (\u201cTretanlasser\u201c) braucht, um in die G\u00e4nge zu kommen, so brauchen auch Christen manchmal Anschub-Erkenntnisse und Anschub-Erlebnisse, die sie bef\u00e4higen, das fruchtbare Leben als J\u00fcnger\/innen von Jesus zu leben! Gott benutzt die Kickstart-Seminare weltweit, um dies zu bewirken. <a href=\"https:\/\/jesus-reformation.com\/?page_id=1784\">Weiterlesen<\/a><\/p>\n\n\n\n<h1 class=\"wp-block-heading entry-title\">Lebe nicht unter dem Gesetz!<\/h1>\n\n\n\n<p>Sollen\/m\u00fcssen wir als J\u00fcnger Jesu das mosaische Gesetz halten? Zunehmend wird diese Frage mit &#8222;Ja, unbedingt!&#8220; beantwortet. Nicht wenige Christen denken, dass sie gegen Gott s\u00fcndigen, wenn sie Gebote des Alten Bundes nicht halten, und lassen sich sogar beschneiden. <a href=\"https:\/\/jesus-reformation.com\/?page_id=1786\">Weiterlesen<\/a><\/p>\n\n\n\n<h1 class=\"wp-block-heading entry-title\">D\u00fcrfen\/ m\u00fcssen wir Jesus anbeten?<\/h1>\n\n\n\n<p><strong>Warum viele mit \u00abNein!\u00bb antworten\u2026<\/strong><\/p>\n\n\n\n<p>Zeugen Jehovas und Muslime betonen es mit Nachdruck: \u00abEs ist total falsch, dass man Jesus anbetet! Nur Gott allein darf angebetet werden!\u00bb Dabei verweisen sie oft auch auf eine Aussage von Jesus selbst. Nachdem n\u00e4mlich der Teufel zu Jesus gesagt hat \u00abDies alles [alle Reiche der Welt] will ich dir geben, wenn du niederf\u00e4llst und mich <em>anbetest<\/em>!\u00bb (Matth\u00e4us 4,9), antwortete ihm Jesus Folgendes: \u00ab<strong>Du sollst den Herrn, deinen Gott, [allein] <em>anbeten<\/em> und ihm allein dienen!<\/strong>\u00bb (Matth\u00e4us 4,10). An welche alttestamentliche(n) Stelle(n) sich Jesus anlehnt, ist umstritten; ich meine, es ist Ex 23,24-25. Das erste \u00aballein\u00bb steht zwar nicht im Text, ist aber von Jesus durch die Zur\u00fcckweisung des Teufels und durch die Parallelsetzung von \u00abanbeten\u00bb mit \u00aballein dienen\u00bb klar mitgedacht. <a href=\"https:\/\/jesus-reformation.com\/?page_id=1782\">Weiterlesen<\/a><\/p>\n","protected":false},"excerpt":{"rendered":"<p>Das Evangelium durch die Blume erkl\u00e4rt Dieses Teaching soll helfen, auf einfache Weise, das gr\u00f6ssere Bild des Evangeliums in Erinnerung zu halten. Es soll helfen f\u00e4hig zu werden das Evangelium in irgendeiner Form, einer Illustration (z.B. Cups) oder in einer 3 min\u00fctigen Version auf der Strasse, weiterzugeben. Es soll helfen die n\u00f6tigen und relevanten Punkte&#8230;<\/p>\n","protected":false},"author":1,"featured_media":0,"parent":0,"menu_order":0,"comment_status":"closed","ping_status":"closed","template":"","meta":{"_kadence_starter_templates_imported_post":false,"_kad_post_transparent":"","_kad_post_title":"","_kad_post_layout":"","_kad_post_sidebar_id":"","_kad_post_content_style":"","_kad_post_vertical_padding":"","_kad_post_feature":"","_kad_post_feature_position":"","_kad_post_header":false,"_kad_post_footer":false,"_kad_post_classname":"","footnotes":""},"class_list":["post-83","page","type-page","status-publish","hentry"],"jetpack_sharing_enabled":true,"_links":{"self":[{"href":"https:\/\/jesus-reformation.com\/index.php?rest_route=\/wp\/v2\/pages\/83","targetHints":{"allow":["GET"]}}],"collection":[{"href":"https:\/\/jesus-reformation.com\/index.php?rest_route=\/wp\/v2\/pages"}],"about":[{"href":"https:\/\/jesus-reformation.com\/index.php?rest_route=\/wp\/v2\/types\/page"}],"author":[{"embeddable":true,"href":"https:\/\/jesus-reformation.com\/index.php?rest_route=\/wp\/v2\/users\/1"}],"replies":[{"embeddable":true,"href":"https:\/\/jesus-reformation.com\/index.php?rest_route=%2Fwp%2Fv2%2Fcomments&post=83"}],"version-history":[{"count":6,"href":"https:\/\/jesus-reformation.com\/index.php?rest_route=\/wp\/v2\/pages\/83\/revisions"}],"predecessor-version":[{"id":1891,"href":"https:\/\/jesus-reformation.com\/index.php?rest_route=\/wp\/v2\/pages\/83\/revisions\/1891"}],"wp:attachment":[{"href":"https:\/\/jesus-reformation.com\/index.php?rest_route=%2Fwp%2Fv2%2Fmedia&parent=83"}],"curies":[{"name":"wp","href":"https:\/\/api.w.org\/{rel}","templated":true}]}}