{"id":53,"date":"2020-04-09T11:54:46","date_gmt":"2020-04-09T09:54:46","guid":{"rendered":"http:\/\/jesus-reformation.ch\/?page_id=15"},"modified":"2025-10-03T21:33:26","modified_gmt":"2025-10-03T21:33:26","slug":"jesus-erlebt","status":"publish","type":"page","link":"https:\/\/jesus-reformation.com\/?page_id=53","title":{"rendered":"Jesus erlebt!"},"content":{"rendered":"\n<p><strong>Jesus hat gesagt:<\/strong><\/p>\n\n\n\n<blockquote class=\"wp-block-quote is-layout-flow wp-block-quote-is-layout-flow\">\n<p>&#8222;Ich bin das Licht der Welt; wer mir nachfolgt, wird nicht in der Finsternis wandeln, sondern wird das Licht des Lebens haben.&#8220;<\/p>\n<cite>Bibel \u2502 Johannes 8,12<\/cite><\/blockquote>\n\n\n\n<blockquote class=\"wp-block-quote is-layout-flow wp-block-quote-is-layout-flow\">\n<p>&#8222;Wenn nun der Sohn euch frei machen wird, so werdet ihr wirklich frei sein.&#8220;<\/p>\n<cite>Bibel \u2502 Johannes 8,34<\/cite><\/blockquote>\n\n\n\n<blockquote class=\"wp-block-quote is-layout-flow wp-block-quote-is-layout-flow\">\n<p>&#8222;Ich bin gekommen, damit sie Leben haben und es in \u00dcberflu\u00df haben.&#8220;<\/p>\n<cite>Bibel \u2502 Johannes 10,10<\/cite><\/blockquote>\n\n\n\n<p><strong>Die Wahrheit dieser Worte zeigt sich immer und immer wieder.<\/strong><\/p>\n\n\n\n<div class=\"wp-block-columns is-layout-flex wp-container-core-columns-is-layout-9d6595d7 wp-block-columns-is-layout-flex\">\n<div class=\"wp-block-column is-layout-flow wp-block-column-is-layout-flow\">\n<figure class=\"wp-block-embed is-type-video is-provider-youtube wp-block-embed-youtube wp-embed-aspect-16-9 wp-has-aspect-ratio\"><div class=\"wp-block-embed__wrapper\">\n<iframe loading=\"lazy\" title=\"Befreit vom Rauchen, Trinken, Kiffen, von Magersucht und Depressionen - Janina erlebt Jesus!\" width=\"720\" height=\"405\" src=\"https:\/\/www.youtube.com\/embed\/jTE56SOlDik?feature=oembed\" frameborder=\"0\" allow=\"accelerometer; autoplay; clipboard-write; encrypted-media; gyroscope; picture-in-picture; web-share\" referrerpolicy=\"strict-origin-when-cross-origin\" allowfullscreen><\/iframe>\n<\/div><figcaption class=\"wp-element-caption\">Janina k\u00e4mpft \u00fcber l\u00e4ngere Zeit mit Depressionen und verschiedenen S\u00fcchten. Aber dann kommt Jesus in ihr Leben und alles wird anders.<\/figcaption><\/figure>\n\n\n\n<figure class=\"wp-block-embed is-type-video is-provider-youtube wp-block-embed-youtube wp-embed-aspect-16-9 wp-has-aspect-ratio\"><div class=\"wp-block-embed__wrapper\">\n<iframe loading=\"lazy\" title=\"&quot;Ich habe nicht erwartet, dass ich D\u00e4monen in mir habe...&quot; - Marina erlebt, wie Jesus sie befreit.\" width=\"720\" height=\"405\" src=\"https:\/\/www.youtube.com\/embed\/Ta35Rb4ioxk?feature=oembed\" frameborder=\"0\" allow=\"accelerometer; autoplay; clipboard-write; encrypted-media; gyroscope; picture-in-picture; web-share\" referrerpolicy=\"strict-origin-when-cross-origin\" allowfullscreen><\/iframe>\n<\/div><figcaption class=\"wp-element-caption\">Schon als Kind erlebt Marina die Pr\u00e4senz von D\u00e4monen in ihrem Zimmer, weil in ihrem nahen Umfeld jemand im Satanismus verstrickt war. Mit 16 Jahren wird sie Teil einer Clique und f\u00e4ngt an, zu trinken und Drogen zu nehmen. Irgendwann will sie sich das Leben nehmen. Aber Gott verhindert es. Durch Gebet erlebt Marina, wie die D\u00e4monen aus ihrem K\u00f6rper ausfahren.<\/figcaption><\/figure>\n\n\n\n<figure class=\"wp-block-embed is-type-video is-provider-youtube wp-block-embed-youtube wp-embed-aspect-16-9 wp-has-aspect-ratio\"><div class=\"wp-block-embed__wrapper\">\n<iframe loading=\"lazy\" title=\"Befreit von J\u00e4hzorn - Jesus macht Tobias zu einem neuen Menschen!\" width=\"720\" height=\"405\" src=\"https:\/\/www.youtube.com\/embed\/gFCVF0tOZok?feature=oembed\" frameborder=\"0\" allow=\"accelerometer; autoplay; clipboard-write; encrypted-media; gyroscope; picture-in-picture; web-share\" referrerpolicy=\"strict-origin-when-cross-origin\" allowfullscreen><\/iframe>\n<\/div><figcaption class=\"wp-element-caption\">Im Juni 2018 erlebt Tobias, wie Jesus ihm ein neues Leben schenkt. Durch die Taufe auf den Namen von Jesus und Befreiungsgebete von Jesus-J\u00fcngern\/innen wird Tobias frei von D\u00e4monen, J\u00e4hzorn, Pornografie und \u00c4ngsten.<\/figcaption><\/figure>\n\n\n\n<figure class=\"wp-block-embed is-type-video is-provider-youtube wp-block-embed-youtube wp-embed-aspect-16-9 wp-has-aspect-ratio\"><div class=\"wp-block-embed__wrapper\">\n<iframe loading=\"lazy\" title=\"&quot;Ich hab vor Freude geweint!&quot; - Rebecca &amp; Andreas erz\u00e4hlen, wie Jesus ihr Leben total ver\u00e4ndert hat\" width=\"720\" height=\"405\" src=\"https:\/\/www.youtube.com\/embed\/NYNiLOecY8s?feature=oembed\" frameborder=\"0\" allow=\"accelerometer; autoplay; clipboard-write; encrypted-media; gyroscope; picture-in-picture; web-share\" referrerpolicy=\"strict-origin-when-cross-origin\" allowfullscreen><\/iframe>\n<\/div><figcaption class=\"wp-element-caption\">Andreas und Rebecca erleben, wie Jesus ihnen Befreiung von D\u00e4monen, Vergebung der S\u00fcnden und neues erf\u00fclltes Leben schenkt.<\/figcaption><\/figure>\n\n\n\n<figure class=\"wp-block-embed is-type-video is-provider-youtube wp-block-embed-youtube wp-embed-aspect-16-9 wp-has-aspect-ratio\"><div class=\"wp-block-embed__wrapper\">\n<iframe loading=\"lazy\" title=\"The Last Reformation: The Life (2018) - FULL MOVIE\" width=\"720\" height=\"405\" src=\"https:\/\/www.youtube.com\/embed\/7s9Dmdm6jpY?feature=oembed\" frameborder=\"0\" allow=\"accelerometer; autoplay; clipboard-write; encrypted-media; gyroscope; picture-in-picture; web-share\" referrerpolicy=\"strict-origin-when-cross-origin\" allowfullscreen><\/iframe>\n<\/div><figcaption class=\"wp-element-caption\">Dokufilm von The Last Reformation \u00fcber zahlreiche Wunder. Unter anderem sieht man in dem Film, wie Jesus dem ehemaligen Popstar Lou Bega (David Lubega Balemezi) und seiner Familie begegnet.<\/figcaption><\/figure>\n<\/div>\n\n\n\n<div class=\"wp-block-column is-layout-flow wp-block-column-is-layout-flow\">\n<figure class=\"wp-block-embed is-type-video is-provider-youtube wp-block-embed-youtube wp-embed-aspect-16-9 wp-has-aspect-ratio\"><div class=\"wp-block-embed__wrapper\">\n<iframe loading=\"lazy\" title=\"Haus des Friedens | Evangelium-Heilung-Befreiung-Taufen\" width=\"720\" height=\"405\" src=\"https:\/\/www.youtube.com\/embed\/GUWVKb58esk?feature=oembed\" frameborder=\"0\" allow=\"accelerometer; autoplay; clipboard-write; encrypted-media; gyroscope; picture-in-picture; web-share\" referrerpolicy=\"strict-origin-when-cross-origin\" allowfullscreen><\/iframe>\n<\/div><figcaption class=\"wp-element-caption\">Im Fr\u00fchjahr 2022 im Norden Deutschlands stossen wir auf ein Haus des Friedens. Menschen bekehren sich zu Jesus, erleben Heilung &amp; Befreiung und lassen sich taufen!<\/figcaption><\/figure>\n\n\n\n<figure class=\"wp-block-embed is-type-video is-provider-youtube wp-block-embed-youtube wp-embed-aspect-16-9 wp-has-aspect-ratio\"><div class=\"wp-block-embed__wrapper\">\n<iframe loading=\"lazy\" title=\"When Jesus Comes Around. Miracles in Nigeria (mit deutschen Untertiteln)\" width=\"720\" height=\"405\" src=\"https:\/\/www.youtube.com\/embed\/ItmBnnpPx6g?feature=oembed\" frameborder=\"0\" allow=\"accelerometer; autoplay; clipboard-write; encrypted-media; gyroscope; picture-in-picture; web-share\" referrerpolicy=\"strict-origin-when-cross-origin\" allowfullscreen><\/iframe>\n<\/div><figcaption class=\"wp-element-caption\">Dokufilm \u00fcber einen zweiw\u00f6chigen Einsatz im Jahr 2018 von Lukas Stolz und Jo\u00ebl Salvisberg und ihrem Team in Nigeria. Sie erleben, wie Jesus durch ihre Gebete und Predigten auf der Strasse, in einem Shoppingcenter und in Kirchen das Leben von verschiedenen Menschen total zum Guten ver\u00e4ndert.<\/figcaption><\/figure>\n\n\n\n<figure class=\"wp-block-embed is-type-video is-provider-youtube wp-block-embed-youtube wp-embed-aspect-16-9 wp-has-aspect-ratio\"><div class=\"wp-block-embed__wrapper\">\n<iframe loading=\"lazy\" title=\"2024-01 Jesus wirkt in Bisumwa | Rettung, Heilung, Befreiung\" width=\"720\" height=\"405\" src=\"https:\/\/www.youtube.com\/embed\/wf7QUMP6QSc?feature=oembed\" frameborder=\"0\" allow=\"accelerometer; autoplay; clipboard-write; encrypted-media; gyroscope; picture-in-picture; web-share\" referrerpolicy=\"strict-origin-when-cross-origin\" allowfullscreen><\/iframe>\n<\/div><figcaption class=\"wp-element-caption\">Anfang 2024 predigt Jo\u00ebl Salvisberg in einem Dorf in Tansania das Evangelium. Dabei werden verschiedene Leute von Krankheiten geheilt. Gegen 20 Personen wollen sich darauf taufen lassen und Jesus nachfolgen. <\/figcaption><\/figure>\n\n\n\n<figure class=\"wp-block-embed is-type-video is-provider-youtube wp-block-embed-youtube wp-embed-aspect-16-9 wp-has-aspect-ratio\"><div class=\"wp-block-embed__wrapper\">\n<iframe loading=\"lazy\" title=\"80 people bury their old lives and rise to a new life with Jesus! - God is moving in Tanzania\" width=\"720\" height=\"405\" src=\"https:\/\/www.youtube.com\/embed\/t47B19YWhSA?feature=oembed\" frameborder=\"0\" allow=\"accelerometer; autoplay; clipboard-write; encrypted-media; gyroscope; picture-in-picture; web-share\" referrerpolicy=\"strict-origin-when-cross-origin\" allowfullscreen><\/iframe>\n<\/div><figcaption class=\"wp-element-caption\">80 Personen lassen sich in Tansania taufen, erleben Befreiung und wie der Heilige Geist sie erf\u00fcllt.<\/figcaption><\/figure>\n<\/div>\n<\/div>\n\n\n\n<h4 class=\"wp-block-heading has-text-align-center\">Hast du Fragen und\/oder brauchst du Gebet?<\/h4>\n\n\n\n<p class=\"has-text-align-center\">Gerne kannst du uns \u00fcber diesen <a href=\"https:\/\/jesus-reformation.com\/?page_id=106\">Link<\/a> kontaktieren.<\/p>\n\n\n\n<p><\/p>\n","protected":false},"excerpt":{"rendered":"<p>Jesus hat gesagt: &#8222;Ich bin das Licht der Welt; wer mir nachfolgt, wird nicht in der Finsternis wandeln, sondern wird das Licht des Lebens haben.&#8220; Bibel \u2502 Johannes 8,12 &#8222;Wenn nun der Sohn euch frei machen wird, so werdet ihr wirklich frei sein.&#8220; Bibel \u2502 Johannes 8,34 &#8222;Ich bin gekommen, damit sie Leben haben und&#8230;<\/p>\n","protected":false},"author":1,"featured_media":0,"parent":0,"menu_order":0,"comment_status":"closed","ping_status":"closed","template":"","meta":{"_kadence_starter_templates_imported_post":false,"_kad_post_transparent":"","_kad_post_title":"","_kad_post_layout":"","_kad_post_sidebar_id":"","_kad_post_content_style":"","_kad_post_vertical_padding":"","_kad_post_feature":"","_kad_post_feature_position":"","_kad_post_header":false,"_kad_post_footer":false,"_kad_post_classname":"","footnotes":""},"class_list":["post-53","page","type-page","status-publish","hentry"],"jetpack_sharing_enabled":true,"_links":{"self":[{"href":"https:\/\/jesus-reformation.com\/index.php?rest_route=\/wp\/v2\/pages\/53","targetHints":{"allow":["GET"]}}],"collection":[{"href":"https:\/\/jesus-reformation.com\/index.php?rest_route=\/wp\/v2\/pages"}],"about":[{"href":"https:\/\/jesus-reformation.com\/index.php?rest_route=\/wp\/v2\/types\/page"}],"author":[{"embeddable":true,"href":"https:\/\/jesus-reformation.com\/index.php?rest_route=\/wp\/v2\/users\/1"}],"replies":[{"embeddable":true,"href":"https:\/\/jesus-reformation.com\/index.php?rest_route=%2Fwp%2Fv2%2Fcomments&post=53"}],"version-history":[{"count":1,"href":"https:\/\/jesus-reformation.com\/index.php?rest_route=\/wp\/v2\/pages\/53\/revisions"}],"predecessor-version":[{"id":1872,"href":"https:\/\/jesus-reformation.com\/index.php?rest_route=\/wp\/v2\/pages\/53\/revisions\/1872"}],"wp:attachment":[{"href":"https:\/\/jesus-reformation.com\/index.php?rest_route=%2Fwp%2Fv2%2Fmedia&parent=53"}],"curies":[{"name":"wp","href":"https:\/\/api.w.org\/{rel}","templated":true}]}}