{"id":1820,"date":"2025-10-03T18:50:32","date_gmt":"2025-10-03T18:50:32","guid":{"rendered":"https:\/\/jesus-reformation.com\/?page_id=1820"},"modified":"2025-10-03T20:40:08","modified_gmt":"2025-10-03T20:40:08","slug":"das-evangelium-durch-die-blume-erklaert","status":"publish","type":"page","link":"https:\/\/jesus-reformation.com\/?page_id=1820","title":{"rendered":"Das Evangelium durch die Blume erkl\u00e4rt"},"content":{"rendered":"<style>.kb-row-layout-id1820_378856-4e > .kt-row-column-wrap{align-content:start;}:where(.kb-row-layout-id1820_378856-4e > .kt-row-column-wrap) > .wp-block-kadence-column{justify-content:start;}.kb-row-layout-id1820_378856-4e > .kt-row-column-wrap{column-gap:var(--global-kb-gap-md, 2rem);row-gap:var(--global-kb-gap-md, 2rem);padding-top:var(--global-kb-spacing-sm, 1.5rem);padding-bottom:var(--global-kb-spacing-sm, 1.5rem);grid-template-columns:minmax(0, 1fr);}.kb-row-layout-id1820_378856-4e > .kt-row-layout-overlay{opacity:0.30;}@media all and (max-width: 1024px){.kb-row-layout-id1820_378856-4e > .kt-row-column-wrap{grid-template-columns:minmax(0, 1fr);}}@media all and (max-width: 767px){.kb-row-layout-id1820_378856-4e > .kt-row-column-wrap{grid-template-columns:minmax(0, 1fr);}}<\/style><div class=\"kb-row-layout-wrap kb-row-layout-id1820_378856-4e alignnone wp-block-kadence-rowlayout\"><div class=\"kt-row-column-wrap kt-has-1-columns kt-row-layout-equal kt-tab-layout-inherit kt-mobile-layout-row kt-row-valign-top\">\n<style>.kadence-column1820_c14110-21 > .kt-inside-inner-col,.kadence-column1820_c14110-21 > .kt-inside-inner-col:before{border-top-left-radius:0px;border-top-right-radius:0px;border-bottom-right-radius:0px;border-bottom-left-radius:0px;}.kadence-column1820_c14110-21 > .kt-inside-inner-col{column-gap:var(--global-kb-gap-sm, 1rem);}.kadence-column1820_c14110-21 > .kt-inside-inner-col{flex-direction:column;}.kadence-column1820_c14110-21 > .kt-inside-inner-col > .aligncenter{width:100%;}.kadence-column1820_c14110-21 > .kt-inside-inner-col:before{opacity:0.3;}.kadence-column1820_c14110-21{position:relative;}@media all and (max-width: 1024px){.kadence-column1820_c14110-21 > .kt-inside-inner-col{flex-direction:column;justify-content:center;}}@media all and (max-width: 767px){.kadence-column1820_c14110-21 > .kt-inside-inner-col{flex-direction:column;justify-content:center;}}<\/style>\n<div class=\"wp-block-kadence-column kadence-column1820_c14110-21\"><div class=\"kt-inside-inner-col\">\n<p>Dieses Teaching soll helfen, auf einfache Weise, das gr\u00f6ssere Bild des Evangeliums in Erinnerung zu halten. Es soll helfen f\u00e4hig zu werden das Evangelium in irgendeiner Form, einer Illustration (z.B. Cups) oder in einer 3 min\u00fctigen Version auf der Strasse, weiterzugeben. Es soll helfen die n\u00f6tigen und relevanten Punkte des Evangeliums f\u00fcr sich pr\u00e4sent zu haben, wo auch immer wir uns bewegen.<\/p>\n\n\n\n<ul class=\"wp-block-list\">\n<li>1. Da ist ein Gott \u2026<\/li>\n\n\n\n<li>2. Das Problem (das menschliche Problem mit der S\u00fcnde)<\/li>\n\n\n\n<li>3. Die L\u00f6sung (kommt von Gott selber)<\/li>\n\n\n\n<li>4. Die von Gott gefordert Antwort des Menschen<\/li>\n\n\n\n<li>5. Gottes Wirken und seine Verheissungen<\/li>\n<\/ul>\n\n\n\n<p>Diese Zusammenstellung des Evangeliums, \u00fcber diese 5 Blumenbl\u00e4tter verteilt (inkl. Bibelstellen), kann bei mir als PDF Datei angefordert werden. @Mail:<a href=\"https:\/\/jesus-reformation.ch\/das-evangelium-durch-die-blume-erklaert\/joel@jesus-reformation.ch\">&nbsp;joel(at)jesus-reformation.ch<\/a><\/p>\n\n\n\n<p>Bei Fragen d\u00fcrft ihr mich gerne kontaktieren.<\/p>\n\n\n\n<p>Liebe Gr\u00fcsse Jo\u00ebl Salvisberg<\/p>\n<\/div><\/div>\n\n<\/div><\/div>\n\n\n<figure class=\"wp-block-embed is-type-video is-provider-youtube wp-block-embed-youtube wp-embed-aspect-16-9 wp-has-aspect-ratio\" style=\"margin-right:var(--wp--preset--spacing--80);margin-left:var(--wp--preset--spacing--80)\"><div class=\"wp-block-embed__wrapper\">\n<iframe loading=\"lazy\" title=\"Das Evangelium durch die Blume erkl\u00e4rt (mit Jo\u00ebl Salvisberg)\" width=\"720\" height=\"405\" src=\"https:\/\/www.youtube.com\/embed\/f4noV85mv88?feature=oembed\" frameborder=\"0\" allow=\"accelerometer; autoplay; clipboard-write; encrypted-media; gyroscope; picture-in-picture; web-share\" referrerpolicy=\"strict-origin-when-cross-origin\" allowfullscreen><\/iframe>\n<\/div><\/figure>\n","protected":false},"excerpt":{"rendered":"<p>Dieses Teaching soll helfen, auf einfache Weise, das gr\u00f6ssere Bild des Evangeliums in Erinnerung zu halten. Es soll helfen f\u00e4hig zu werden das Evangelium in irgendeiner Form, einer Illustration (z.B. Cups) oder in einer 3 min\u00fctigen Version auf der Strasse, weiterzugeben. Es soll helfen die n\u00f6tigen und relevanten Punkte des Evangeliums f\u00fcr sich pr\u00e4sent zu&#8230;<\/p>\n","protected":false},"author":1,"featured_media":1858,"parent":0,"menu_order":0,"comment_status":"closed","ping_status":"closed","template":"","meta":{"_kadence_starter_templates_imported_post":false,"_kad_post_transparent":"","_kad_post_title":"","_kad_post_layout":"","_kad_post_sidebar_id":"","_kad_post_content_style":"","_kad_post_vertical_padding":"","_kad_post_feature":"","_kad_post_feature_position":"","_kad_post_header":false,"_kad_post_footer":false,"_kad_post_classname":"","footnotes":""},"class_list":["post-1820","page","type-page","status-publish","has-post-thumbnail","hentry"],"jetpack_sharing_enabled":true,"_links":{"self":[{"href":"https:\/\/jesus-reformation.com\/index.php?rest_route=\/wp\/v2\/pages\/1820","targetHints":{"allow":["GET"]}}],"collection":[{"href":"https:\/\/jesus-reformation.com\/index.php?rest_route=\/wp\/v2\/pages"}],"about":[{"href":"https:\/\/jesus-reformation.com\/index.php?rest_route=\/wp\/v2\/types\/page"}],"author":[{"embeddable":true,"href":"https:\/\/jesus-reformation.com\/index.php?rest_route=\/wp\/v2\/users\/1"}],"replies":[{"embeddable":true,"href":"https:\/\/jesus-reformation.com\/index.php?rest_route=%2Fwp%2Fv2%2Fcomments&post=1820"}],"version-history":[{"count":3,"href":"https:\/\/jesus-reformation.com\/index.php?rest_route=\/wp\/v2\/pages\/1820\/revisions"}],"predecessor-version":[{"id":1859,"href":"https:\/\/jesus-reformation.com\/index.php?rest_route=\/wp\/v2\/pages\/1820\/revisions\/1859"}],"wp:featuredmedia":[{"embeddable":true,"href":"https:\/\/jesus-reformation.com\/index.php?rest_route=\/wp\/v2\/media\/1858"}],"wp:attachment":[{"href":"https:\/\/jesus-reformation.com\/index.php?rest_route=%2Fwp%2Fv2%2Fmedia&parent=1820"}],"curies":[{"name":"wp","href":"https:\/\/api.w.org\/{rel}","templated":true}]}}