{"id":1789,"date":"2025-10-03T18:22:53","date_gmt":"2025-10-03T18:22:53","guid":{"rendered":"https:\/\/jesus-reformation.com\/?page_id=1789"},"modified":"2025-10-03T19:14:53","modified_gmt":"2025-10-03T19:14:53","slug":"beweise-fuer-die-glaubwuerdigkeit-der-bibel","status":"publish","type":"page","link":"https:\/\/jesus-reformation.com\/?page_id=1789","title":{"rendered":"Beweise f\u00fcr die Glaubw\u00fcrdigkeit der Bibel"},"content":{"rendered":"<style>.kb-row-layout-id1789_afa5c2-24 > .kt-row-column-wrap{align-content:start;}:where(.kb-row-layout-id1789_afa5c2-24 > .kt-row-column-wrap) > .wp-block-kadence-column{justify-content:start;}.kb-row-layout-id1789_afa5c2-24 > .kt-row-column-wrap{column-gap:var(--global-kb-gap-md, 2rem);row-gap:var(--global-kb-gap-md, 2rem);padding-top:var(--global-kb-spacing-sm, 1.5rem);padding-bottom:var(--global-kb-spacing-sm, 1.5rem);grid-template-columns:minmax(0, 1fr);}.kb-row-layout-id1789_afa5c2-24 > .kt-row-layout-overlay{opacity:0.30;}@media all and (max-width: 1024px){.kb-row-layout-id1789_afa5c2-24 > .kt-row-column-wrap{grid-template-columns:minmax(0, 1fr);}}@media all and (max-width: 767px){.kb-row-layout-id1789_afa5c2-24 > .kt-row-column-wrap{grid-template-columns:minmax(0, 1fr);}}<\/style><div class=\"kb-row-layout-wrap kb-row-layout-id1789_afa5c2-24 alignnone wp-block-kadence-rowlayout\"><div class=\"kt-row-column-wrap kt-has-2-columns kt-row-layout-row kt-tab-layout-inherit kt-mobile-layout-row kt-row-valign-top\">\n<style>.kadence-column1789_6ac2f0-45 > .kt-inside-inner-col,.kadence-column1789_6ac2f0-45 > .kt-inside-inner-col:before{border-top-left-radius:0px;border-top-right-radius:0px;border-bottom-right-radius:0px;border-bottom-left-radius:0px;}.kadence-column1789_6ac2f0-45 > .kt-inside-inner-col{column-gap:var(--global-kb-gap-sm, 1rem);}.kadence-column1789_6ac2f0-45 > .kt-inside-inner-col{flex-direction:column;}.kadence-column1789_6ac2f0-45 > .kt-inside-inner-col > .aligncenter{width:100%;}.kadence-column1789_6ac2f0-45 > .kt-inside-inner-col:before{opacity:0.3;}.kadence-column1789_6ac2f0-45{position:relative;}@media all and (max-width: 1024px){.kadence-column1789_6ac2f0-45 > .kt-inside-inner-col{flex-direction:column;justify-content:center;}}@media all and (max-width: 767px){.kadence-column1789_6ac2f0-45 > .kt-inside-inner-col{flex-direction:column;justify-content:center;}}<\/style>\n<div class=\"wp-block-kadence-column kadence-column1789_6ac2f0-45\"><div class=\"kt-inside-inner-col\">\n<h4 class=\"wp-block-heading\"><strong>Teil 1: Beweise f\u00fcr die Glaubw\u00fcrdigkeit der Bibel<\/strong><\/h4>\n\n\n\n<p>Viele Leute haben grosse M\u00fche, der Bibel zu vertrauen. Auch Dr. Lukas Stolz hat l\u00e4nger an der Glaubw\u00fcrdigkeit der Bibel gezweifelt. Aber aufgrund einer Begegnung mit Gott und wegen seinen jahrelangen Forschungen zur Bibel ist er mittlerweile fest \u00fcberzeugt, dass man dem Buch der B\u00fccher voll vertrauen kann. Er ist auch sicher, dass man die Zuverl\u00e4ssigkeit der Bibel beweisen kann. Sei dabei und entdecke eindr\u00fcckliche (g\u00f6ttliche) Beweise f\u00fcr die Glaubw\u00fcrdigkeit der Bibel!<\/p>\n\n\n\n<figure class=\"wp-block-embed is-type-video is-provider-youtube wp-block-embed-youtube wp-embed-aspect-16-9 wp-has-aspect-ratio\" style=\"margin-right:var(--wp--preset--spacing--80);margin-left:var(--wp--preset--spacing--80)\"><div class=\"wp-block-embed__wrapper\">\n<iframe loading=\"lazy\" title=\"Bibel-Beweise #1\u2502Beweise fu\u0308r die Glaubwu\u0308rdigkeit der Bibel\u2502mit Lukas Stolz\" width=\"720\" height=\"405\" src=\"https:\/\/www.youtube.com\/embed\/kyLdKzEhyi8?feature=oembed\" frameborder=\"0\" allow=\"accelerometer; autoplay; clipboard-write; encrypted-media; gyroscope; picture-in-picture; web-share\" referrerpolicy=\"strict-origin-when-cross-origin\" allowfullscreen><\/iframe>\n<\/div><\/figure>\n<\/div><\/div>\n\n\n<style>.kadence-column1789_1db6db-71 > .kt-inside-inner-col,.kadence-column1789_1db6db-71 > .kt-inside-inner-col:before{border-top-left-radius:0px;border-top-right-radius:0px;border-bottom-right-radius:0px;border-bottom-left-radius:0px;}.kadence-column1789_1db6db-71 > .kt-inside-inner-col{column-gap:var(--global-kb-gap-sm, 1rem);}.kadence-column1789_1db6db-71 > .kt-inside-inner-col{flex-direction:column;}.kadence-column1789_1db6db-71 > .kt-inside-inner-col > .aligncenter{width:100%;}.kadence-column1789_1db6db-71 > .kt-inside-inner-col:before{opacity:0.3;}.kadence-column1789_1db6db-71{position:relative;}@media all and (max-width: 1024px){.kadence-column1789_1db6db-71 > .kt-inside-inner-col{flex-direction:column;justify-content:center;}}@media all and (max-width: 767px){.kadence-column1789_1db6db-71 > .kt-inside-inner-col{flex-direction:column;justify-content:center;}}<\/style>\n<div class=\"wp-block-kadence-column kadence-column1789_1db6db-71\"><div class=\"kt-inside-inner-col\">\n<h4 class=\"wp-block-heading\"><strong>Teil 2: Erf\u00fcllte Prophetie: Jesaja 53 sagt den Tod und die Auferstehung von Jesus voraus!<\/strong><\/h4>\n\n\n\n<p>Im zweiten Video der Serie \u201eBeweise f\u00fcr die Glaubw\u00fcrdigkeit der Bibel\u201c widmet sich Dr. Lukas Stolz einem sehr faszinierenden biblischen Text: Jesaja 53. Dieses Kapitel zeigt auf eindr\u00fcckliche Weise, dass die Bibel von Gottes Geist inspiriert und darum zu hundert Prozent zuverl\u00e4ssig sein muss. In Jesaja 53 sagt der Prophet Jesaja n\u00e4mlich erstaunlich pr\u00e4zise voraus, was 700 Jahre sp\u00e4ter mit Jesus Christus geschieht. Jesaja prophezeit nicht nur haargenau die Todesart von Jesus Christus, sondern auch seine Auferstehung aus den Toten. Die Prophezeiung ist so pr\u00e4zise, dass weltweit immer mehr Menschen aus verschiedensten Religionen (insbesondere Juden) zur \u00dcberzeugung kommen, dass Jesus Christus der Retter der Menschheit ist. M\u00f6ge dieses Video auch dir helfen, an Jesus als dem Sohn Gottes zu glauben und der Bibel als dem Wort Gottes zu vertrauen!<\/p>\n\n\n\n<figure class=\"wp-block-embed is-type-video is-provider-youtube wp-block-embed-youtube wp-embed-aspect-16-9 wp-has-aspect-ratio\" style=\"margin-right:var(--wp--preset--spacing--80);margin-left:var(--wp--preset--spacing--80)\"><div class=\"wp-block-embed__wrapper\">\n<iframe loading=\"lazy\" title=\"Bibel-Beweise #2\u2502Erf\u00fcllte Prophetie: Jesaja 53 sagt den Tod und die Auferstehung von Jesus voraus!\" width=\"720\" height=\"405\" src=\"https:\/\/www.youtube.com\/embed\/4EQaqUDrbos?feature=oembed\" frameborder=\"0\" allow=\"accelerometer; autoplay; clipboard-write; encrypted-media; gyroscope; picture-in-picture; web-share\" referrerpolicy=\"strict-origin-when-cross-origin\" allowfullscreen><\/iframe>\n<\/div><\/figure>\n<\/div><\/div>\n\n<\/div><\/div>\n\n<style>.kadence-column1789_8c22fa-f0 > .kt-inside-inner-col,.kadence-column1789_8c22fa-f0 > .kt-inside-inner-col:before{border-top-left-radius:0px;border-top-right-radius:0px;border-bottom-right-radius:0px;border-bottom-left-radius:0px;}.kadence-column1789_8c22fa-f0 > .kt-inside-inner-col{column-gap:var(--global-kb-gap-sm, 1rem);}.kadence-column1789_8c22fa-f0 > .kt-inside-inner-col{flex-direction:column;}.kadence-column1789_8c22fa-f0 > .kt-inside-inner-col > .aligncenter{width:100%;}.kadence-column1789_8c22fa-f0 > .kt-inside-inner-col:before{opacity:0.3;}.kadence-column1789_8c22fa-f0{position:relative;}@media all and (max-width: 1024px){.kadence-column1789_8c22fa-f0 > .kt-inside-inner-col{flex-direction:column;justify-content:center;}}@media all and (max-width: 767px){.kadence-column1789_8c22fa-f0 > .kt-inside-inner-col{flex-direction:column;justify-content:center;}}<\/style>\n<div class=\"wp-block-kadence-column kadence-column1789_8c22fa-f0\"><div class=\"kt-inside-inner-col\">\n<h4 class=\"wp-block-heading\"><strong>Teil 3: Die Zuverl\u00e4ssigkeit der Evangelien \u2212 Alter &amp; Verfasser<\/strong><\/h4>\n\n\n\n<p>Im dritten Teil der Serie \u201eBeweise f\u00fcr die Glaubw\u00fcrdigkeit der Bibel\u201c geht Dr. Lukas Stolz auf die vier biblischen EVANGELIEN ein. Detailliert zeigt er auf, dass die Evangelien sehr fr\u00fch nach dem Tod Jesu verfasst wurden, und zwar von sehr glaubw\u00fcrdigen Pers\u00f6nlichkeiten.<\/p>\n\n\n\n<figure class=\"wp-block-embed is-type-video is-provider-youtube wp-block-embed-youtube wp-embed-aspect-16-9 wp-has-aspect-ratio\" style=\"margin-top:var(--wp--preset--spacing--40);margin-right:var(--wp--preset--spacing--80);margin-bottom:var(--wp--preset--spacing--40);margin-left:var(--wp--preset--spacing--80)\"><div class=\"wp-block-embed__wrapper\">\n<iframe loading=\"lazy\" title=\"Bibel-Beweise #3\u2502Die Zuverl\u00e4ssigkeit der Evangelien \u2212 Alter &amp; Verfasser\" width=\"720\" height=\"405\" src=\"https:\/\/www.youtube.com\/embed\/OPvNJOJHJsQ?feature=oembed\" frameborder=\"0\" allow=\"accelerometer; autoplay; clipboard-write; encrypted-media; gyroscope; picture-in-picture; web-share\" referrerpolicy=\"strict-origin-when-cross-origin\" allowfullscreen><\/iframe>\n<\/div><\/figure>\n<\/div><\/div>\n\n\n<style>.kadence-column1789_dff249-f2 > .kt-inside-inner-col,.kadence-column1789_dff249-f2 > .kt-inside-inner-col:before{border-top-left-radius:0px;border-top-right-radius:0px;border-bottom-right-radius:0px;border-bottom-left-radius:0px;}.kadence-column1789_dff249-f2 > .kt-inside-inner-col{column-gap:var(--global-kb-gap-sm, 1rem);}.kadence-column1789_dff249-f2 > .kt-inside-inner-col{flex-direction:column;}.kadence-column1789_dff249-f2 > .kt-inside-inner-col > .aligncenter{width:100%;}.kadence-column1789_dff249-f2 > .kt-inside-inner-col:before{opacity:0.3;}.kadence-column1789_dff249-f2{position:relative;}@media all and (max-width: 1024px){.kadence-column1789_dff249-f2 > .kt-inside-inner-col{flex-direction:column;justify-content:center;}}@media all and (max-width: 767px){.kadence-column1789_dff249-f2 > .kt-inside-inner-col{flex-direction:column;justify-content:center;}}<\/style>\n<div class=\"wp-block-kadence-column kadence-column1789_dff249-f2\"><div class=\"kt-inside-inner-col\">\n<h4 class=\"wp-block-heading\"><strong>Teil 4: Die Zuverl\u00e4ssigkeit der Evangelien \u2212 Was ist mit den \u201eWiderspr\u00fcchen\u201c?<\/strong><\/h4>\n<\/div><\/div>\n\n\n\n<p>Vierter Teil: Einige Menschen sagen, sie k\u00f6nnen den Evangelien und ihrer Botschaft nicht trauen, weil sie \u201evoller Widerspr\u00fcche\u201c seien. Aber sind sie das wirklich? Lukas Stolz zeigt in diesem Video auf, dass viele vermeintliche Widerspr\u00fcche in den Evangelien gar KEINE SIND, wenn man GENAUER HINSCHAUT.<\/p>\n\n\n\n<figure class=\"wp-block-embed is-type-video is-provider-youtube wp-block-embed-youtube wp-embed-aspect-16-9 wp-has-aspect-ratio\" style=\"margin-top:var(--wp--preset--spacing--60);margin-right:var(--wp--preset--spacing--80);margin-bottom:var(--wp--preset--spacing--60);margin-left:var(--wp--preset--spacing--80)\"><div class=\"wp-block-embed__wrapper\">\n<iframe loading=\"lazy\" title=\"Bibel-Beweise #4\u2502Die Zuverl\u00e4ssigkeit der Evangelien \u2212 Was ist mit den &quot;Widerspr\u00fcchen&quot;?\" width=\"720\" height=\"405\" src=\"https:\/\/www.youtube.com\/embed\/fN40mvRxn3c?feature=oembed\" frameborder=\"0\" allow=\"accelerometer; autoplay; clipboard-write; encrypted-media; gyroscope; picture-in-picture; web-share\" referrerpolicy=\"strict-origin-when-cross-origin\" allowfullscreen><\/iframe>\n<\/div><\/figure>\n\n\n\n<p>03:00 \u201eWiderspruch\u201c Nr. 1: Sagt Petrus zu Jesus \u201eDu bist der Christus!\u201c (Markus 8,29) oder sagt er \u201eDu bist der Christus, der Sohn des lebendigen Gottes!\u201c (Matth\u00e4us 16,16)? 07:35 \u201eWiderspruch\u201c Nr. 2: Kommt der der Hauptmann pers\u00f6nlich zu Jesus (Matth\u00e4us 8,5-13) oder kommen nur Abgesandte von ihm (Lukas 7,1-10 )? 12:05 \u201eWiderspruch\u201c Nr. 3: Wird ein blinder Bettler in Jericho geheilt (Markus 10,46-52; Lukas 18,35-43) oder sind es zwei (Matth\u00e4us 20,29-34)? 12:55 \u201eWiderspruch\u201c Nr. 4: Wird im Land der Gerasener ein D\u00e4monisierter befreit (Markus 5,1-20; Lukas 8,26-39) oder sind es zwei (Matth\u00e4us 8,28-34)? 13:35 \u201eWiderspruch\u201c Nr. 5: Um welche Uhrzeit wurde Jesus gekreuzigt beziehungsweise um welche Uhrzeit stand er vor Pilatus (Markus 15,25; Johannes 19,14)? 17:00 \u201eWiderspruch\u201c Nr. 6: Wohin ging Jesus unmittelbar nach seiner Taufe? In die W\u00fcste (Matth\u00e4us 4,1; Markus 1,12-13; Lukas 4,1) oder auf die Hochzeit in Kana (Johannes 2,1)? 19:27 Lukas Stolz geht auch auf gewisse Widerspr\u00fcche in den Evangelien ein, die sich momentan f\u00fcr ihn NICHT AUFL\u00d6SEN lassen (z.B. beim Wunder mit dem Feigenbaum und bei der Auferweckung der Tochter des Synagogenvorstehers). 25:23 Dabei legt er dar, warum die wenigen, kaum aufzul\u00f6senden Widerspr\u00fcche die Evangelien NICHT UNGLAUBW\u00dcRDIG machen, sondern NOCH GLAUBW\u00dcRDIGER, als sie ohnehin schon sind. Die wenigen, kaum aufzul\u00f6senden Widerspr\u00fcche beweisen n\u00e4mlich, dass die Autoren der Evangelien uns keine L\u00fcgengeschichte aufgetischt haben. 29:07 Wichtig zu sehen ist auch, dass die wenigen, kaum aufzul\u00f6senden Widerspr\u00fcche sind keine inhaltlichen Widerspr\u00fcche! 30:43 Warum betonen trotzdem einige Leute, dass man den Evangelien nicht trauen kann? Man sucht nach einem Grund, warum man den Evangelien nicht glauben muss, weil man ihnen nicht glauben will! Lukas Stolz stellt fest, dass Gott auch darum wenige, kaum aufzul\u00f6sende Widerspr\u00fcche in die Evangelien hat einfliessen lassen, damit hochm\u00fctige, rebellische Menschen verf\u00fchrt werden, die Botschaft der Bibel abzulehnen (siehe Psalm 18,27: \u201eGegen den Reinen zeigst du, o Gott, dich rein, gegen den Verkehrten zeigst du dich aber verdreht.\u201c)! 32:23 Gleichzeitig wirbt Lukas Stolz daf\u00fcr, dass man die Bibel durchaus auch mit dem Verstand liest. Er zeigt ausf\u00fchrlich auf, dass man sogar die wichtigste Botschaft der Bibel \u201eJESUS IST AUFERSTANDEN!\u201c auch mit dem Verstand nachvollziehen kann. Wer die Dinge genau durchdenkt, muss feststellen: Das Grab von Jesus muss leer gewesen sein! Und: Jesus muss tats\u00e4chlich auferstanden sein!<\/p>\n","protected":false},"excerpt":{"rendered":"<p>Teil 1: Beweise f\u00fcr die Glaubw\u00fcrdigkeit der Bibel Viele Leute haben grosse M\u00fche, der Bibel zu vertrauen. Auch Dr. Lukas Stolz hat l\u00e4nger an der Glaubw\u00fcrdigkeit der Bibel gezweifelt. Aber aufgrund einer Begegnung mit Gott und wegen seinen jahrelangen Forschungen zur Bibel ist er mittlerweile fest \u00fcberzeugt, dass man dem Buch der B\u00fccher voll vertrauen&#8230;<\/p>\n","protected":false},"author":1,"featured_media":0,"parent":0,"menu_order":0,"comment_status":"closed","ping_status":"closed","template":"","meta":{"_kadence_starter_templates_imported_post":false,"_kad_post_transparent":"","_kad_post_title":"","_kad_post_layout":"","_kad_post_sidebar_id":"","_kad_post_content_style":"","_kad_post_vertical_padding":"","_kad_post_feature":"","_kad_post_feature_position":"","_kad_post_header":false,"_kad_post_footer":false,"_kad_post_classname":"","footnotes":""},"class_list":["post-1789","page","type-page","status-publish","hentry"],"jetpack_sharing_enabled":true,"_links":{"self":[{"href":"https:\/\/jesus-reformation.com\/index.php?rest_route=\/wp\/v2\/pages\/1789","targetHints":{"allow":["GET"]}}],"collection":[{"href":"https:\/\/jesus-reformation.com\/index.php?rest_route=\/wp\/v2\/pages"}],"about":[{"href":"https:\/\/jesus-reformation.com\/index.php?rest_route=\/wp\/v2\/types\/page"}],"author":[{"embeddable":true,"href":"https:\/\/jesus-reformation.com\/index.php?rest_route=\/wp\/v2\/users\/1"}],"replies":[{"embeddable":true,"href":"https:\/\/jesus-reformation.com\/index.php?rest_route=%2Fwp%2Fv2%2Fcomments&post=1789"}],"version-history":[{"count":4,"href":"https:\/\/jesus-reformation.com\/index.php?rest_route=\/wp\/v2\/pages\/1789\/revisions"}],"predecessor-version":[{"id":1835,"href":"https:\/\/jesus-reformation.com\/index.php?rest_route=\/wp\/v2\/pages\/1789\/revisions\/1835"}],"wp:attachment":[{"href":"https:\/\/jesus-reformation.com\/index.php?rest_route=%2Fwp%2Fv2%2Fmedia&parent=1789"}],"curies":[{"name":"wp","href":"https:\/\/api.w.org\/{rel}","templated":true}]}}