{"id":1788,"date":"2025-10-03T18:22:53","date_gmt":"2025-10-03T18:22:53","guid":{"rendered":"https:\/\/jesus-reformation.com\/?page_id=1788"},"modified":"2025-10-03T20:34:34","modified_gmt":"2025-10-03T20:34:34","slug":"die-grosse-gefahr-falscher-einheit","status":"publish","type":"page","link":"https:\/\/jesus-reformation.com\/?page_id=1788","title":{"rendered":"Die gro\u00dfe Gefahr falscher Einheit"},"content":{"rendered":"<style>.kb-row-layout-id1788_b88718-9c > .kt-row-column-wrap{align-content:start;}:where(.kb-row-layout-id1788_b88718-9c > .kt-row-column-wrap) > .wp-block-kadence-column{justify-content:start;}.kb-row-layout-id1788_b88718-9c > .kt-row-column-wrap{column-gap:var(--global-kb-gap-md, 2rem);row-gap:var(--global-kb-gap-md, 2rem);padding-top:var(--global-kb-spacing-sm, 1.5rem);padding-bottom:var(--global-kb-spacing-sm, 1.5rem);grid-template-columns:minmax(0, 1fr);}.kb-row-layout-id1788_b88718-9c > .kt-row-layout-overlay{opacity:0.30;}@media all and (max-width: 1024px){.kb-row-layout-id1788_b88718-9c > .kt-row-column-wrap{grid-template-columns:minmax(0, 1fr);}}@media all and (max-width: 767px){.kb-row-layout-id1788_b88718-9c > .kt-row-column-wrap{grid-template-columns:minmax(0, 1fr);}}<\/style><div class=\"kb-row-layout-wrap kb-row-layout-id1788_b88718-9c alignnone wp-block-kadence-rowlayout\"><div class=\"kt-row-column-wrap kt-has-1-columns kt-row-layout-equal kt-tab-layout-inherit kt-mobile-layout-row kt-row-valign-top\">\n<style>.kadence-column1788_cb285c-8a > .kt-inside-inner-col,.kadence-column1788_cb285c-8a > .kt-inside-inner-col:before{border-top-left-radius:0px;border-top-right-radius:0px;border-bottom-right-radius:0px;border-bottom-left-radius:0px;}.kadence-column1788_cb285c-8a > .kt-inside-inner-col{column-gap:var(--global-kb-gap-sm, 1rem);}.kadence-column1788_cb285c-8a > .kt-inside-inner-col{flex-direction:column;}.kadence-column1788_cb285c-8a > .kt-inside-inner-col > .aligncenter{width:100%;}.kadence-column1788_cb285c-8a > .kt-inside-inner-col:before{opacity:0.3;}.kadence-column1788_cb285c-8a{position:relative;}@media all and (max-width: 1024px){.kadence-column1788_cb285c-8a > .kt-inside-inner-col{flex-direction:column;justify-content:center;}}@media all and (max-width: 767px){.kadence-column1788_cb285c-8a > .kt-inside-inner-col{flex-direction:column;justify-content:center;}}<\/style>\n<div class=\"wp-block-kadence-column kadence-column1788_cb285c-8a\"><div class=\"kt-inside-inner-col\"><div class=\"wp-block-image\">\n<figure class=\"aligncenter size-large is-resized\"><img loading=\"lazy\" decoding=\"async\" width=\"1024\" height=\"683\" src=\"https:\/\/jesus-reformation.com\/wp1\/wp-content\/uploads\/2025\/10\/pope-1024x683.jpg\" alt=\"\" class=\"wp-image-1853\" style=\"width:579px;height:auto\" srcset=\"https:\/\/jesus-reformation.com\/wp1\/wp-content\/uploads\/2025\/10\/pope-1024x683.jpg 1024w, https:\/\/jesus-reformation.com\/wp1\/wp-content\/uploads\/2025\/10\/pope-300x200.jpg 300w, https:\/\/jesus-reformation.com\/wp1\/wp-content\/uploads\/2025\/10\/pope-768x512.jpg 768w, https:\/\/jesus-reformation.com\/wp1\/wp-content\/uploads\/2025\/10\/pope.jpg 1536w\" sizes=\"auto, (max-width: 1024px) 100vw, 1024px\" \/><\/figure>\n<\/div>\n\n\n<p>Sehr besorgt stelle ich fest, dass immer mehr Leiter von \u00abprotestantischen\u00bb Kirchen und Werken Vertreter der Katholischen Kirche einladen, um in ihren Gemeinden oder an von ihnen organisierten Anl\u00e4ssen zu predigen. So sprach z. B. der r\u00f6misch-katholische Priester Tony Palmer 2014 auf einer charismatisch-pfingstlerischen Pastorenkonferenz in den USA und verk\u00fcndete unwidersprochen, dass der Protest Luthers gegen die Katholische Kirche seit der gemeinsamen Erkl\u00e4rung zur Rechtfertigungslehre von 1999 erledigt sei und \u00abwir alle\u00bb wieder katholisch sein d\u00fcrfen.<sup><a href=\"javascript:void(0)\">1<\/a><\/sup>\u00a0Im deutschsprachigen Raum ist z. B. Johannes Hartl, Gr\u00fcnder und Leiter des Gebetshauses in Augsburg und bekennender \u00abr\u00f6mischer Katholik\u00bb<sup><a href=\"javascript:void(0)\">2<\/a><\/sup>, ein h\u00e4ufiger Redner in\/an \u00abcharismatischen\u00bb Gemeinden\/Grossanl\u00e4ssen<sup><a href=\"javascript:void(0)\">3<\/a><\/sup><\/p>\n<\/div><\/div>\n\n<\/div><\/div>\n\n\n<p>Die \u00abevangelischen\u00bb Leiter geben aber nicht nur Katholiken das Mikrofon in die Hand, sondern sprechen auch selbst an katholischen Treffen, wie z. B. Andreas \u00abBoppi\u00bb Boppart von Campus f\u00fcr Christus Schweiz vor wenigen Monaten bei einem Grossanlass von Loretto<sup><a href=\"javascript:void(0)\">4<\/a><\/sup>, einer \u00d6sterreichischen Jugendbewegung, \u00abdie das Verst\u00e4ndnis der Katholischen Kirche hinsichtlich der Kirche, der Heiligen Schrift, der Tradition, der Sakramente und des Lehramtes teilt\u00bb<sup><a href=\"javascript:void(0)\">5<\/a><\/sup>. Ich bin ersch\u00fcttert zu sehen, wie immer mehr Christen, die sich \u00abevangelikal\u00bb nennen, sich um eine gef\u00e4hrliche Einheit mit katholischen \u00abW\u00fcrdentr\u00e4gern\u00bb bzw. mit der Katholischen Kirche selbst bem\u00fchen. Gewiss w\u00fcrden viele an dieser Stelle widersprechen: \u00abGef\u00e4hrliche Einheit? Aber die Katholische Kirche predigt ja auch Jesus als den Gekreuzigten und Auferstandenen!\u00bb Und: \u00abJesus war doch die Einheit seiner J\u00fcnger ein Herzensanliegen!\u00bb.<\/p>\n\n\n\n<h4 class=\"wp-block-heading\"><strong>Wahre und falsche Einheit<\/strong><\/h4>\n\n\n\n<p>Ja, Jesus war und ist die wahre Einheit der \u00abaus Wasser und Geist\u00bb Neugeborenen (Joh 3,5) untereinander sehr wichtig (siehe Joh 17,21-23). Aber diese wahre, erstrebenswerte Einheit ist die Einheit von Jesus-J\u00fcngern\/innen, die \u00abgeheiligt\u00bb (ausgesondert und gereinigt) sind \u00abdurch die Wahrheit\u00bb (Joh 17,17a). Was meint Jesus mit dieser Wahrheit, auf deren Grund allein wahre Einheit m\u00f6glich ist? Er sagt es sogleich: \u00abDein Wort (oh Vater) ist Wahrheit!\u00bb (Joh 17,17b). Mit diesem Wort Gottes meint Jesus ganz offensichtlich das Alte Testament (siehe z. B. Mt 15,6), seine eigene Lehre (siehe z. B. Lk 5,1) sowie die Schriften seiner Apostel (siehe z. B. 1.Thess 2,13; Joh 16,13-14). Einheit ist also nur dort m\u00f6glich und geboten, wo Jesus-J\u00fcnger\/innen bzw. Gemeinden\/Kirchen den biblischen Lehren glauben und Folge leisten (wollen). Tut das die Katholische Kirche? Nein!<\/p>\n\n\n\n<h4 class=\"wp-block-heading\"><strong>Die Irrlehren der Katholischen Kirche<\/strong><\/h4>\n\n\n\n<p>Es ist haarstr\u00e4ubend, wie viele ihrer Dogmen fundamental der Bibel widersprechen! Ich nenne hier nur einige Beispiele:<a href=\"https:\/\/jesus-reformation.ch\/die-grosse-gefahr-falscher-einheit\/#_ftnref1\"><\/a><\/p>\n\n\n\n<ul class=\"wp-block-list\">\n<li>Inspiriert vom Heiligen Geist sagt Mose: \u00abSprecht auf keinen Fall mit Toten!\u00bb (siehe z. B. 5.Mose 18,10-12). Was tut die Katholische Kirche? Sie ermutigt ihre Mitglieder, die\u00a0<strong>verstorbenen \u00abHeiligen\u00bb anzurufen<\/strong>\u00a0und sie um Beistand zu bitten!<\/li>\n\n\n\n<li>Jesus sagt in Mt 23,9: \u00abNennt niemanden auf der Erde euren Vater!\u00bb. Was tut die Katholische Kirche? Sie bezeichnet ihr Oberhaupt nicht nur als \u00abPapa!\u00bb (Papst), sondern sogar als\u00a0<strong>\u00abHeiliger Vater!\u00bb \u2013 eine Gottesl\u00e4sterung<\/strong>\u00a0sondergleichen, wenn man bedenkt, dass es nur einen \u00abheiligen Vater\u00bb gibt, und zwar den allm\u00e4chtigen Gott selbst (siehe Joh 17,11)!<\/li>\n\n\n\n<li>Jesus und die vom Heiligen Geist inspirierten Apostel lehren, dass der Taufe folgende Dinge vorausgehen sollen: der Entscheid zur Jesus-Nachfolge, der Glaube und die Busse (siehe z. B. Mt 28,19; Mk 16,16; Apg 2,38; 16,31-34). Was tut die katholische Kirche? Sie\u00a0<strong>tauft zum Glauben unf\u00e4hige S\u00e4uglinge<\/strong>, die Busse und das Abwaschen der S\u00fcnden noch gar nicht n\u00f6tig haben (siehe Mt 19,14).<\/li>\n\n\n\n<li>Gottes Wort sagt, dass ausnahmslos alle Wiedergeborenen \u00abPriester\u00bb sind (1.Petr 2,9; Offb 1,6). Was lehrt die Katholische Kirche? Ein paar wenige \u00abGl\u00e4ubige\u00bb werden durch eine kirchliche Weihe\u00a0<strong>zu \u00abPriestern\u00bb gemacht<\/strong>, die dann Gottes Gnade (z. B. in der Taufe, der Beichte und im Abendmahl) den Laien vermitteln sollen.<\/li>\n\n\n\n<li>Durch die ganze Bibel hindurch ruft uns Gott auf, nur ihm und seinem Sohn zu dienen, ihn und seinen Sohn allein zu ehren und allein von ihm und seinem Sohn Hilfe\/Gnade zu erwarten (siehe z. B. 5.Mose 6,13-15; Ps 62,2; Jes 42,8; 48,11; Mt 4,10; Offb 5,13). Was tut die Katholische Kirche mit Inbrunst? Sie\u00a0<strong>verehrt Maria<\/strong>\u00a0als \u00abMuttergottes\u00bb, \u00abMittlerin zwischen den Menschen und Jesus\u00bb, \u00abHimmelsk\u00f6nigin\u00bb, \u00abHerrin\u00bb, \u00abGnadenmittlerin\u00bb, \u00abHilfe der Christen\u00bb etc. und erbittet und erwartet von ihr Gnade und Hilfe!<\/li>\n<\/ul>\n\n\n\n<h4 class=\"wp-block-heading\"><strong>Gef\u00e4hrliche Verharmlosung<\/strong><\/h4>\n\n\n\n<p>Oft werden diese unbiblischen Lehren und Praktiken der Katholischen Kirche als \u00abnicht so schlimm\u00bb verharmlost: \u00abSchliesslich ist unser aller Erkenntnis St\u00fcckwerk!\u00bb. Ja, die Erkenntnis Gottes und das Verst\u00e4ndnis von seinem Wort bleibt bei jedem wiedergeborenen Gl\u00e4ubigen bis ans Lebensende St\u00fcckwerk. Aber Paulus, der das gesagt hat (1.Kor 13,12), schreibt auch \u00fcber das Ziel, den Willen Gottes immer mehr zu erkennen und mehr und mehr mit \u00aballem geistlichen Verst\u00e4ndnis\u00bb erf\u00fcllt zu sein (Kol 1,9-10). Und vor allem wollte Paulus mit seiner \u00abUnsere-Erkenntnis-ist-St\u00fcckwerk\u00bb-Aussage bestimmt nicht einer \u00abKirche\u00bb die Legitimation geben, solche (eigentlich f\u00fcr jeden offensichtlich) der Bibel widersprechenden Lehren zu vertreten und hunderte Millionen von Menschen in die Irre weg vom wahren Jesus zu f\u00fchren, der der einzige Mittler ist zwischen Gott und Mensch (1.Tim 2,5). Zudem hat derselbe Paulus inspiriert vom Heiligen Geist in 1.Kor 10,14 Folgendes gesagt: \u00abMeine Geliebten, flieht den G\u00f6tzendienst!\u00bb. Die Marien- und Heiligenverehrung ist G\u00f6tzendienst! Und Paulus sagt es in 1.Kor 10,20 deutlich: \u00abWenn Menschen G\u00f6tzen (d.h. alles, was nicht der wahre Gott ist) verehren, dann verehren sie in Wirklichkeit D\u00e4monen!\u00bb Das heisst: Wer Maria und andere \u00abHeilige\u00bb anruft (sei es der Papst oder ein normaler Katholik), der ruft D\u00e4monen an und kommt unter d\u00e4monischen Einfluss!<\/p>\n\n\n\n<h4 class=\"wp-block-heading\"><strong>Ein Katholik erkennt die d\u00e4monischen Kr\u00e4fte in seiner Kirche<\/strong><\/h4>\n\n\n\n<p>Erst gerade in Wien w\u00e4hrend unserem Kickstart-Seminar (1.-3. Juni 2018) habe ich mit einem Mann ein Gespr\u00e4ch gehabt, der zu diesem Thema viel zu sagen hat. Er ist in der Katholischen Kirche aufgewachsen. Angestossen durch Kardinal Sch\u00f6nborn, den Erzbischof von Wien (den nicht wenige protestantische Christen zur sogenannten \u00abcharismatischen Erneuerung\u00bb in der Katholischen Kirche z\u00e4hlen und in h\u00f6chsten T\u00f6nen loben), besucht der Mann ein Mekka der Marienverehrer in Kroatien: Medjugorje. Er hat dort Erscheinungen und kriegt \u00fcbernat\u00fcrliche Kr\u00e4fte. Vor einem Jahr h\u00f6rt und versteht der Mann das wahre Evangelium, tut Busse, erlebt Freiheit, l\u00e4sst sich von Freunden von uns taufen, wird mit dem Heiligen Geist erf\u00fcllt und erlebt seit dann immer wieder, wie Jesus durch ihn Menschen heilt. Dieser Mann hat es mir w\u00e4hrend dem Seminar mit Nachdruck gesagt: \u00abMarienverehrung ist satanisch! Ich habe es selber erlebt! Ich will nichts mehr damit zu tun haben! Ich folge jetzt Jesus nach!\u00bb<\/p>\n\n\n\n<p><a href=\"https:\/\/jesus-reformation.ch\/die-grosse-gefahr-falscher-einheit\/#_ftnref1\"><\/a><\/p>\n\n\n\n<p>Wie verf\u00fchrerisch anders t\u00f6nt es bei Loretto, der Katholischen Jugendbewegung, von der der Leiter von Campus f\u00fcr Christus Schweiz sehr angetan ist<sup><a href=\"javascript:void(0)\">6<\/a><\/sup>&nbsp;und die ihren Ursprung in einem \u00abErweckungserlebnis\u00bb der Gr\u00fcnder im Maria-Wallfahrtsort Medjugorje hat<sup><a href=\"javascript:void(0)\">7<\/a><\/sup>: \u00abWir [als Loretto] sind marianisch. Allen Mitgliedern wird u. a. das Rosenkranzgebet und die Weihe an Maria empfohlen.\u00bb.<sup><a href=\"javascript:void(0)\">8<\/a><\/sup>&nbsp;Mit der Weihe an Maria ist folgendes Gebet gemeint: \u00abIn Gegenwart des ganzen himmlischen Hofes erw\u00e4hle ich Dich heute, o Maria, zu meiner Mutter und K\u00f6nigin.\u00bb<sup><a href=\"javascript:void(0)\">9<\/a><\/sup>Was f\u00fcr ein teuflisches Gebet!<\/p>\n\n\n\n<p><strong>Die Irrlehren eines Kardinals und seines Papstes<\/strong><\/p>\n\n\n\n<p>Wie sehr einige (auch bei Evangelikalen beliebte) \u00abW\u00fcrdentr\u00e4ger\u00bb der Katholischen Kirche irren und viele andere in die verderbenbringende Irre f\u00fchren, zeigt ein offizielles Kurzvideo von Kardinal Sch\u00f6nborn auf Youtube.<sup><a href=\"javascript:void(0)\">10<\/a><\/sup>&nbsp;Er wird darin von einem kleinen Jungen gefragt, wie man in den Himmel kommt. Die Antwort des Kardinals, die er seit f\u00fcnf Jahren so stehen l\u00e4sst, lautet: \u00abGott hat uns die Zehn Gebote gegeben, die uns den Weg in den Himmel zeigen. Und er hat uns viele Helfer gegeben auf diesem Weg: n\u00e4mlich die Heiligen und Maria, die Mutter Gottes.\u00bb Der Kardinal erw\u00e4hnt Jesus Christus, der f\u00fcr unsere S\u00fcnden gestorben und so der&nbsp;<em>einzige<\/em>&nbsp;Weg zum Vater in den Himmel ist (Joh 14,6), mit keinem Wort! Kein Wort verliert er auch \u00fcber die Vergebung bringende Entscheidung, Busse zu tun und sich auf den Namen von Jesus taufen zu lassen (Apg 2,28).<\/p>\n\n\n\n<p>Die H\u00e4resie des Kardinals wird von seinem Papst noch getoppt. Franziskus bezeichnet in einem Werbevideo f\u00fcr den interreligi\u00f6sen Dialog alle Menschen aller Religionen als \u00abKinder Gottes\u00bb, die durch ihren Glauben an die Liebe eins sein k\u00f6nnen.<sup><a href=\"javascript:void(0)\">11<\/a><\/sup>&nbsp;So redet nicht jemand, der vom Heiligen Geist und der Bibel inspiriert ist. In Joh 1,12-13 steht n\u00e4mlich: \u00abSo viele Jesus [als Herrn] aufnahmen,&nbsp;<em>denen<\/em>&nbsp;gab er das Recht, Kinder Gottes zu werden, denen, die an seinen Namen glauben;&nbsp;<em>die<\/em>&nbsp;nicht aus Gebl\u00fct, auch nicht aus dem Willen des Fleisches, auch nicht aus dem Willen des Mannes, sondern aus Gott geboren sind.\u00bb.<\/p>\n\n\n\n<p><strong>Jesus liebt die Katholiken!<\/strong><\/p>\n\n\n\n<p>Dass wir uns nicht missverstehen: Auch wenn die Katholische Kirche als Institution zutiefst antichristlich ist, Jesus liebt die Katholiken, und zwar von Herzen! Und das sollen auch wir tun! Und Jesus setzt alles daran, dass Katholiken die Wahrheit h\u00f6ren und ihn pers\u00f6nlich kennenlernen.<\/p>\n\n\n\n<p>Dass dem so ist, habe ich in Wien w\u00e4hrend dem Kickstart-Seminar eindr\u00fccklich erlebt. Am Sonntagmorgen trafen wir uns bei einem Park f\u00fcr den Strasseneinsatz. Wir machten Gruppen, um f\u00fcr den Einsatz zu beten. Ich betete etwa sinngem\u00e4ss: \u00abHerr, gestern beim Einsatz durften wir erleben, wie viele Muslime \u00fcbernat\u00fcrlich geheilt wurden und durch uns dein Evangelium h\u00f6rten. Herr, ich bitte dich, lass uns heute echte katholische Wiener treffen, die dich brauchen.\u00bb In diesem Moment kreuzt sich mein Blick mit dem einer Frau, die gerade langsam an uns vorbeigeht. Sie schaut neugierig. Ich verlasse meine Gebetsgruppe, gehe auf sie zu und spreche sie an. Sie ist Wienerin, katholisch und in einer grossen Lebenskrise. Ich kann ihr das ganze Evangelium erkl\u00e4ren, und sie ist sehr ber\u00fchrt. Sie merkt offensichtlich, dass es kein Zufall ist, dass wir miteinander sprechen. Am Schluss ist sie bereit, Jesus zu bitten, sie zu retten und ihr zu helfen. Nach diesem Gebet bete ich um Befreiung (sie hatte auch einige esoterische Praktiken ausge\u00fcbt). W\u00e4hrend dem Gebet wird es ihr schwindlig. Ich bete weiter. Und sie f\u00fchlt sich erleichtert. Wir umarmen uns herzlich. Ich hoffe und bete, dass die Frau sich taufen lassen wird, wie sie es sich \u00fcberlegt hat zu tun.<\/p>\n\n\n\n<p>Und ich bete, dass der Himmlische Vater noch viele Menschen aus der verf\u00fchrerischen Katholischen Kirche heraus in die biblische Wahrheit f\u00fchrt, aufgrund derer allein wir wahre Einheit im Geist haben k\u00f6nnen.<\/p>\n\n\n\n<h6 class=\"wp-block-heading\">Dr. Lukas Stolz, Juli 2018<\/h6>\n","protected":false},"excerpt":{"rendered":"<p>Sehr besorgt stelle ich fest, dass immer mehr Leiter von \u00abprotestantischen\u00bb Kirchen und Werken Vertreter der Katholischen Kirche einladen, um in ihren Gemeinden oder an von ihnen organisierten Anl\u00e4ssen zu predigen. So sprach z. B. der r\u00f6misch-katholische Priester Tony Palmer 2014 auf einer charismatisch-pfingstlerischen Pastorenkonferenz in den USA und verk\u00fcndete unwidersprochen, dass der Protest Luthers&#8230;<\/p>\n","protected":false},"author":1,"featured_media":0,"parent":0,"menu_order":0,"comment_status":"closed","ping_status":"closed","template":"","meta":{"_kadence_starter_templates_imported_post":false,"_kad_post_transparent":"","_kad_post_title":"","_kad_post_layout":"","_kad_post_sidebar_id":"","_kad_post_content_style":"","_kad_post_vertical_padding":"","_kad_post_feature":"","_kad_post_feature_position":"","_kad_post_header":false,"_kad_post_footer":false,"_kad_post_classname":"","footnotes":""},"class_list":["post-1788","page","type-page","status-publish","hentry"],"jetpack_sharing_enabled":true,"_links":{"self":[{"href":"https:\/\/jesus-reformation.com\/index.php?rest_route=\/wp\/v2\/pages\/1788","targetHints":{"allow":["GET"]}}],"collection":[{"href":"https:\/\/jesus-reformation.com\/index.php?rest_route=\/wp\/v2\/pages"}],"about":[{"href":"https:\/\/jesus-reformation.com\/index.php?rest_route=\/wp\/v2\/types\/page"}],"author":[{"embeddable":true,"href":"https:\/\/jesus-reformation.com\/index.php?rest_route=\/wp\/v2\/users\/1"}],"replies":[{"embeddable":true,"href":"https:\/\/jesus-reformation.com\/index.php?rest_route=%2Fwp%2Fv2%2Fcomments&post=1788"}],"version-history":[{"count":3,"href":"https:\/\/jesus-reformation.com\/index.php?rest_route=\/wp\/v2\/pages\/1788\/revisions"}],"predecessor-version":[{"id":1855,"href":"https:\/\/jesus-reformation.com\/index.php?rest_route=\/wp\/v2\/pages\/1788\/revisions\/1855"}],"wp:attachment":[{"href":"https:\/\/jesus-reformation.com\/index.php?rest_route=%2Fwp%2Fv2%2Fmedia&parent=1788"}],"curies":[{"name":"wp","href":"https:\/\/api.w.org\/{rel}","templated":true}]}}