{"id":1787,"date":"2025-10-03T18:22:53","date_gmt":"2025-10-03T18:22:53","guid":{"rendered":"https:\/\/jesus-reformation.com\/?page_id=1787"},"modified":"2025-10-03T21:33:54","modified_gmt":"2025-10-03T21:33:54","slug":"tut-busse-das-volle-evangelium-predigen","status":"publish","type":"page","link":"https:\/\/jesus-reformation.com\/?page_id=1787","title":{"rendered":"Tut Bu\u00dfe! &#8211; Das volle Evangelium predigen"},"content":{"rendered":"\n<p>Manchmal bin ich sehr traurig! Traurig, dass wir Christen dem Hauptauftrag von Jesus oft nicht nachkommen.<\/p>\n\n\n\n<p>\u00ab<strong>Predigt das Evangelium!<\/strong>\u00bb, hat Jesus nicht nur seinen 11 Aposteln befohlen (Markus 16,15), sondern indirekt auch uns. Denn in Matth\u00e4us 28,20 sagt Jesus zu den Aposteln, dass sie alle (!) Gebote, die er ihnen gegeben hat, den zuk\u00fcnftigen J\u00fcngern aus allen V\u00f6lkern lehren sollten, dass auch jene die Gebote umsetzen.<\/p>\n\n\n\n<p>Dass wir Christen aufgrund von Scham oder fehlender praktischer Zur\u00fcstung durch die Kirchen unseren Mitmenschen die gute Nachricht \u00fcber Jesus als dem einzigen Weg zu Gott oft verschweigen, ist die eine Not.<\/p>\n\n\n<div class=\"wp-block-image\">\n<figure class=\"aligncenter size-full is-resized\"><img loading=\"lazy\" decoding=\"async\" width=\"1024\" height=\"681\" src=\"https:\/\/jesus-reformation.com\/wp1\/wp-content\/uploads\/2025\/10\/change.jpg\" alt=\"\" class=\"wp-image-1867\" style=\"width:548px;height:auto\" srcset=\"https:\/\/jesus-reformation.com\/wp1\/wp-content\/uploads\/2025\/10\/change.jpg 1024w, https:\/\/jesus-reformation.com\/wp1\/wp-content\/uploads\/2025\/10\/change-300x200.jpg 300w, https:\/\/jesus-reformation.com\/wp1\/wp-content\/uploads\/2025\/10\/change-768x511.jpg 768w\" sizes=\"auto, (max-width: 1024px) 100vw, 1024px\" \/><\/figure>\n<\/div>\n\n\n<h4 class=\"wp-block-heading\"><strong>Viele predigen nur ein halbes Evangelium!<\/strong><\/h4>\n\n\n\n<p>Die andere Not ist: Wenn wir Christen den Mund doch einmal \u00f6ffnen, dann geben wir sehr oft nur ein halbes Evangelium weiter, das keinen Menschen wahrhaftig zu einem J\u00fcnger Jesu macht und rettet. \u00abGott liebt dich!\u00bb, \u00abJesus will dir deine S\u00fcnden vergeben!\u00bb, \u00abLade Jesus ein, in dein Leben zu kommen!\u00bb. Das ist alles wahr. Aber es ist nicht alles, was wir Christen predigen sollen. \u00ab<strong>Im Namen des Christus muss Busse zur Vergebung der S\u00fcnden gepredigt werden allen Nationen!<\/strong>\u00bb, hat Jesus betont (Lukas 24,47).<\/p>\n\n\n\n<h4 class=\"wp-block-heading\"><strong>Ein Hauptteil des vollen Evangeliums ist der Ruf zur Busse<\/strong><\/h4>\n\n\n\n<p>Jesus sagt also in Lukas 24,47: Das rettende Evangelium, das von allen J\u00fcngern aller Zeiten gepredigt werden muss (!), beinhaltet zu einem grossen Teil den Ruf, Busse zu tun.<\/p>\n\n\n\n<p>Dieser Ruf soll ein Aufruf zum Bereuen der S\u00fcnden und ein Aufruf zum Ver\u00e4ndern(-lassen) des s\u00fcndigen Denkens und Handelns sein.<sup><a href=\"javascript:void(0)\">1<\/a><\/sup><a><\/a>&nbsp;Letztlich geht es um den herausfordernden Ruf, das alte, s\u00fcndige, selbstbestimmte Leben ganz aufzugeben und fortan nur noch Gott und seinem Sohn Jesus zu dienen.<sup><a href=\"javascript:void(0)\">2<\/a><\/sup><a><\/a>&nbsp;Darum verkn\u00fcpft Petrus (als unser evangelistisches Vorbild!) den Ruf zur Busse mit dem Ruf zur Taufe (Apostelgeschichte 2,38). Denn die wahre Taufe bedeutet das willentliche Sterben und Auferstehen mit Jesus, das uns aus der Herrschaft der S\u00fcnde befreit, und zur Jesus-Nachfolge bef\u00e4higt.<sup><a href=\"javascript:void(0)\">3<\/a><\/sup><a><\/a>&nbsp;Diese Jesus-Nachfolge ist heilsnotwendig: \u00abWer dem Sohn nicht gehorcht, wird das Leben nicht sehen, sondern der Zorn Gottes bleibt auf ihm!\u00bb (Johannes 3,36).<\/p>\n\n\n\n<h4 class=\"wp-block-heading\"><strong>Wir m\u00fcssen von \u201eS\u00fcnde\u201c und \u201eGericht\u201c reden\u2026<\/strong><\/h4>\n\n\n\n<p>Damit unsere Mitmenschen Busse von ihren S\u00fcnden tun k\u00f6nnen, m\u00fcssen wir mit ihnen in unseren evangelistischen Gespr\u00e4chen dar\u00fcber reden, was vor Gott \u00abS\u00fcnde\u00bb ist, wie es Jesus und seine ersten J\u00fcnger getan haben.<sup><a href=\"javascript:void(0)\">4<\/a><\/sup><a><\/a>&nbsp;Auch von der Heiligkeit und Gerechtigkeit Gottes, dem kommenden Gericht und der H\u00f6lle sollen die Mitmenschen von uns h\u00f6ren<sup><a href=\"javascript:void(0)\">5<\/a><\/sup><a><\/a>, weil diese Dinge die Notwendigkeit bzw. die Dringlichkeit der Busse verdeutlichen. \u00abTut Busse!\u00bb, hat Petrus den Menschen immer wieder zugerufen (Apostelgeschichte 2,38; 3,19). Auch Paulus war ein Prediger der Busse (Apostelgeschichte 14,15; 17,30; 20,21; 26,20). M\u00f6ge Gott uns helfen, den beiden gleich zu werden, wie sie Jesus gleich waren (Matth\u00e4us 4,17).<\/p>\n\n\n\n<h4 class=\"wp-block-heading\"><strong>\u2026aber in Demut und mit Liebe!<\/strong><\/h4>\n\n\n\n<p>Mein Gebet ist es jedoch auch, dass Gott uns hilft, nur so zur Busse aufzurufen, wie es Paulus getan hat, n\u00e4mlich dem\u00fctig flehend: \u00abBitte lasst euch vers\u00f6hnen mit Gott!\u00bb (2.Korinther 5,20). F\u00fcr alle unsere evangelistischen Bem\u00fchungen m\u00f6ge Gott uns wieder den \u00abSchrecken des Herrn\u00bb offenbaren und unser Herz mit seiner Liebe f\u00fcllen (2.Korinther 5,11.14), dass wir die Verlorenen eindringlich aber herzlich zur Busse aufrufen k\u00f6nnen und sodann erleben d\u00fcrfen, wie Unz\u00e4hlige zu Jesus finden! Dies wird besonders auch dann geschehen, wenn unser Ruf nach Busse wie bei Jesus und seinen J\u00fcngern von Taten bedingungsloser Liebe und von Zeichen und Wundern begleitet ist.<sup><a href=\"javascript:void(0)\">6<\/a><\/sup><a><\/a><\/p>\n\n\n\n<h6 class=\"wp-block-heading\">Dr. Lukas Stolz<br>November 2016<\/h6>\n","protected":false},"excerpt":{"rendered":"<p>Manchmal bin ich sehr traurig! Traurig, dass wir Christen dem Hauptauftrag von Jesus oft nicht nachkommen. \u00abPredigt das Evangelium!\u00bb, hat Jesus nicht nur seinen 11 Aposteln befohlen (Markus 16,15), sondern indirekt auch uns. Denn in Matth\u00e4us 28,20 sagt Jesus zu den Aposteln, dass sie alle (!) Gebote, die er ihnen gegeben hat, den zuk\u00fcnftigen J\u00fcngern&#8230;<\/p>\n","protected":false},"author":1,"featured_media":0,"parent":0,"menu_order":0,"comment_status":"closed","ping_status":"closed","template":"","meta":{"_kadence_starter_templates_imported_post":false,"_kad_post_transparent":"","_kad_post_title":"","_kad_post_layout":"","_kad_post_sidebar_id":"","_kad_post_content_style":"","_kad_post_vertical_padding":"","_kad_post_feature":"","_kad_post_feature_position":"","_kad_post_header":false,"_kad_post_footer":false,"_kad_post_classname":"","footnotes":""},"class_list":["post-1787","page","type-page","status-publish","hentry"],"jetpack_sharing_enabled":true,"_links":{"self":[{"href":"https:\/\/jesus-reformation.com\/index.php?rest_route=\/wp\/v2\/pages\/1787","targetHints":{"allow":["GET"]}}],"collection":[{"href":"https:\/\/jesus-reformation.com\/index.php?rest_route=\/wp\/v2\/pages"}],"about":[{"href":"https:\/\/jesus-reformation.com\/index.php?rest_route=\/wp\/v2\/types\/page"}],"author":[{"embeddable":true,"href":"https:\/\/jesus-reformation.com\/index.php?rest_route=\/wp\/v2\/users\/1"}],"replies":[{"embeddable":true,"href":"https:\/\/jesus-reformation.com\/index.php?rest_route=%2Fwp%2Fv2%2Fcomments&post=1787"}],"version-history":[{"count":3,"href":"https:\/\/jesus-reformation.com\/index.php?rest_route=\/wp\/v2\/pages\/1787\/revisions"}],"predecessor-version":[{"id":1868,"href":"https:\/\/jesus-reformation.com\/index.php?rest_route=\/wp\/v2\/pages\/1787\/revisions\/1868"}],"wp:attachment":[{"href":"https:\/\/jesus-reformation.com\/index.php?rest_route=%2Fwp%2Fv2%2Fmedia&parent=1787"}],"curies":[{"name":"wp","href":"https:\/\/api.w.org\/{rel}","templated":true}]}}