{"id":1786,"date":"2025-10-03T18:22:53","date_gmt":"2025-10-03T18:22:53","guid":{"rendered":"https:\/\/jesus-reformation.com\/?page_id=1786"},"modified":"2025-10-03T20:43:50","modified_gmt":"2025-10-03T20:43:50","slug":"lebe-nicht-unter-dem-gesetz","status":"publish","type":"page","link":"https:\/\/jesus-reformation.com\/?page_id=1786","title":{"rendered":"Lebe nicht unter dem Gesetz!"},"content":{"rendered":"<div class=\"wp-block-image\">\n<figure class=\"aligncenter size-large\"><img loading=\"lazy\" decoding=\"async\" width=\"1024\" height=\"576\" src=\"https:\/\/jesus-reformation.com\/wp1\/wp-content\/uploads\/2025\/10\/gesetz-1024x576.jpeg\" alt=\"\" class=\"wp-image-1860\" srcset=\"https:\/\/jesus-reformation.com\/wp1\/wp-content\/uploads\/2025\/10\/gesetz-1024x576.jpeg 1024w, https:\/\/jesus-reformation.com\/wp1\/wp-content\/uploads\/2025\/10\/gesetz-300x169.jpeg 300w, https:\/\/jesus-reformation.com\/wp1\/wp-content\/uploads\/2025\/10\/gesetz-768x432.jpeg 768w, https:\/\/jesus-reformation.com\/wp1\/wp-content\/uploads\/2025\/10\/gesetz-1536x864.jpeg 1536w, https:\/\/jesus-reformation.com\/wp1\/wp-content\/uploads\/2025\/10\/gesetz.jpeg 1920w\" sizes=\"auto, (max-width: 1024px) 100vw, 1024px\" \/><\/figure>\n<\/div>\n\n\n<h6 class=\"wp-block-heading\"><strong>Sollen\/m\u00fcssen wir als J\u00fcnger Jesu das mosaische Gesetz halten? Zunehmend wird diese Frage mit \u201eJa, unbedingt!\u201c beantwortet.<\/strong><\/h6>\n\n\n\n<p>Nicht wenige Christen denken, dass sie gegen Gott s\u00fcndigen, wenn sie Gebote des Alten Bundes nicht halten, und lassen sich sogar beschneiden. In diesem Video zeigt Jo\u00ebl Salvisberg auf, dass man das grosse Bild der Bibel mit ihrer Heilsgeschichte aus den Augen verloren hat, wenn man sich wieder \u201eunter das Gesetz\u201c begibt. Mit der Bibel argumentiert er, dass das mosaische Gesetz f\u00fcr die J\u00fcnger im Neuen Bund nicht mehr g\u00fcltig ist: Wer befreit ist von der S\u00fcnde, der ist befreit vom Gesetz, das nur wegen der S\u00fcnde den Menschen gegeben wurde; wer durch Christus ein Kind Gottes geworden ist, der ist nicht mehr unter dem \u201eZuchtmeister\u201c (siehe Galater 3,19-27; 4,4-5). Ein J\u00fcnger Jesu ist jedoch nicht \u201egesetzlos\u201c; er befolgt die Gebote Jesu (siehe z. B. 1.Korinther 9,21; Johannes 14,15). Jo\u00ebl Salvisberg warnt mit der Bibel davor, dass man durch das Halten der Reinigungsvorschriften des Alten Bundes nichts anderes tut, als das uns ein f\u00fcr alle Mal reinigende Blut von Jesus zu verachten, und somit in der Gefahr steht, aus dem Neuen Bund rauszufallen (Hebr\u00e4er 10,29).<\/p>\n\n\n\n<figure class=\"wp-block-embed is-type-video is-provider-youtube wp-block-embed-youtube wp-embed-aspect-16-9 wp-has-aspect-ratio\" style=\"margin-right:var(--wp--preset--spacing--80);margin-left:var(--wp--preset--spacing--80)\"><div class=\"wp-block-embed__wrapper\">\n<iframe loading=\"lazy\" title=\"Lebe nicht unter dem Gesetz! (Mit Jo\u00ebl Salvisberg)\" width=\"720\" height=\"405\" src=\"https:\/\/www.youtube.com\/embed\/AR-s7dCWVeU?feature=oembed\" frameborder=\"0\" allow=\"accelerometer; autoplay; clipboard-write; encrypted-media; gyroscope; picture-in-picture; web-share\" referrerpolicy=\"strict-origin-when-cross-origin\" allowfullscreen><\/iframe>\n<\/div><\/figure>\n\n\n\n<p><\/p>\n","protected":false},"excerpt":{"rendered":"<p>Sollen\/m\u00fcssen wir als J\u00fcnger Jesu das mosaische Gesetz halten? Zunehmend wird diese Frage mit \u201eJa, unbedingt!\u201c beantwortet. Nicht wenige Christen denken, dass sie gegen Gott s\u00fcndigen, wenn sie Gebote des Alten Bundes nicht halten, und lassen sich sogar beschneiden. In diesem Video zeigt Jo\u00ebl Salvisberg auf, dass man das grosse Bild der Bibel mit ihrer&#8230;<\/p>\n","protected":false},"author":1,"featured_media":0,"parent":0,"menu_order":0,"comment_status":"closed","ping_status":"closed","template":"","meta":{"_kadence_starter_templates_imported_post":false,"_kad_post_transparent":"","_kad_post_title":"","_kad_post_layout":"","_kad_post_sidebar_id":"","_kad_post_content_style":"","_kad_post_vertical_padding":"","_kad_post_feature":"","_kad_post_feature_position":"","_kad_post_header":false,"_kad_post_footer":false,"_kad_post_classname":"","footnotes":""},"class_list":["post-1786","page","type-page","status-publish","hentry"],"jetpack_sharing_enabled":true,"_links":{"self":[{"href":"https:\/\/jesus-reformation.com\/index.php?rest_route=\/wp\/v2\/pages\/1786","targetHints":{"allow":["GET"]}}],"collection":[{"href":"https:\/\/jesus-reformation.com\/index.php?rest_route=\/wp\/v2\/pages"}],"about":[{"href":"https:\/\/jesus-reformation.com\/index.php?rest_route=\/wp\/v2\/types\/page"}],"author":[{"embeddable":true,"href":"https:\/\/jesus-reformation.com\/index.php?rest_route=\/wp\/v2\/users\/1"}],"replies":[{"embeddable":true,"href":"https:\/\/jesus-reformation.com\/index.php?rest_route=%2Fwp%2Fv2%2Fcomments&post=1786"}],"version-history":[{"count":4,"href":"https:\/\/jesus-reformation.com\/index.php?rest_route=\/wp\/v2\/pages\/1786\/revisions"}],"predecessor-version":[{"id":1863,"href":"https:\/\/jesus-reformation.com\/index.php?rest_route=\/wp\/v2\/pages\/1786\/revisions\/1863"}],"wp:attachment":[{"href":"https:\/\/jesus-reformation.com\/index.php?rest_route=%2Fwp%2Fv2%2Fmedia&parent=1786"}],"curies":[{"name":"wp","href":"https:\/\/api.w.org\/{rel}","templated":true}]}}