{"id":1785,"date":"2025-10-03T18:22:53","date_gmt":"2025-10-03T18:22:53","guid":{"rendered":"https:\/\/jesus-reformation.com\/?page_id=1785"},"modified":"2025-10-03T19:25:19","modified_gmt":"2025-10-03T19:25:19","slug":"pruefe-und-werde-muendig","status":"publish","type":"page","link":"https:\/\/jesus-reformation.com\/?page_id=1785","title":{"rendered":"Pr\u00fcfe und werde m\u00fcndig!"},"content":{"rendered":"\n<p><em>\u201ePr\u00fcft aber alles, das Gute haltet fest!\u201c<\/em><br>1. Thessalonicher 5,21<\/p>\n\n\n\n<p>Es geht drunter und dr\u00fcber! Was sollen wir noch glauben? Ein perfektes Umfeld f\u00fcr den Wachstum von \u201eFake-News\u201c, falschen Lehren &amp; Propheten. Bist du f\u00e4hig zu pr\u00fcfen was gut und richtig ist? Wie gehst du vor? Was ist dein Fundament und Pr\u00fcfwerkzeug? Das Wort Gottes will unsere Richtschnur sein, unser Kompass in nebligen Zeiten!<\/p>\n\n\n\n<p>Be blessed Jo\u00ebl Salvisberg<\/p>\n\n\n\n<p><em>\u201eDarum seid nicht unverst\u00e4ndig, sondern seid verst\u00e4ndig, was der Wille des Herrn ist!\u201c<\/em><br>Epheser\u202c \u202d5,17\u202c \u202dSCH2000\u202c\u202c<\/p>\n\n\n\n<figure class=\"wp-block-embed is-type-video is-provider-youtube wp-block-embed-youtube wp-embed-aspect-16-9 wp-has-aspect-ratio\" style=\"margin-right:var(--wp--preset--spacing--80);margin-left:var(--wp--preset--spacing--80)\"><div class=\"wp-block-embed__wrapper\">\n<iframe loading=\"lazy\" title=\"Pr\u00fcfe und werde m\u00fcndig! (mit Jo\u00ebl Salvisberg)\" width=\"720\" height=\"405\" src=\"https:\/\/www.youtube.com\/embed\/WduPAB300yA?feature=oembed\" frameborder=\"0\" allow=\"accelerometer; autoplay; clipboard-write; encrypted-media; gyroscope; picture-in-picture; web-share\" referrerpolicy=\"strict-origin-when-cross-origin\" allowfullscreen><\/iframe>\n<\/div><\/figure>\n","protected":false},"excerpt":{"rendered":"<p>\u201ePr\u00fcft aber alles, das Gute haltet fest!\u201c1. Thessalonicher 5,21 Es geht drunter und dr\u00fcber! Was sollen wir noch glauben? Ein perfektes Umfeld f\u00fcr den Wachstum von \u201eFake-News\u201c, falschen Lehren &amp; Propheten. Bist du f\u00e4hig zu pr\u00fcfen was gut und richtig ist? Wie gehst du vor? Was ist dein Fundament und Pr\u00fcfwerkzeug? Das Wort Gottes will&#8230;<\/p>\n","protected":false},"author":1,"featured_media":0,"parent":0,"menu_order":0,"comment_status":"closed","ping_status":"closed","template":"","meta":{"_kadence_starter_templates_imported_post":false,"_kad_post_transparent":"","_kad_post_title":"","_kad_post_layout":"","_kad_post_sidebar_id":"","_kad_post_content_style":"","_kad_post_vertical_padding":"","_kad_post_feature":"","_kad_post_feature_position":"","_kad_post_header":false,"_kad_post_footer":false,"_kad_post_classname":"","footnotes":""},"class_list":["post-1785","page","type-page","status-publish","hentry"],"jetpack_sharing_enabled":true,"_links":{"self":[{"href":"https:\/\/jesus-reformation.com\/index.php?rest_route=\/wp\/v2\/pages\/1785","targetHints":{"allow":["GET"]}}],"collection":[{"href":"https:\/\/jesus-reformation.com\/index.php?rest_route=\/wp\/v2\/pages"}],"about":[{"href":"https:\/\/jesus-reformation.com\/index.php?rest_route=\/wp\/v2\/types\/page"}],"author":[{"embeddable":true,"href":"https:\/\/jesus-reformation.com\/index.php?rest_route=\/wp\/v2\/users\/1"}],"replies":[{"embeddable":true,"href":"https:\/\/jesus-reformation.com\/index.php?rest_route=%2Fwp%2Fv2%2Fcomments&post=1785"}],"version-history":[{"count":4,"href":"https:\/\/jesus-reformation.com\/index.php?rest_route=\/wp\/v2\/pages\/1785\/revisions"}],"predecessor-version":[{"id":1841,"href":"https:\/\/jesus-reformation.com\/index.php?rest_route=\/wp\/v2\/pages\/1785\/revisions\/1841"}],"wp:attachment":[{"href":"https:\/\/jesus-reformation.com\/index.php?rest_route=%2Fwp%2Fv2%2Fmedia&parent=1785"}],"curies":[{"name":"wp","href":"https:\/\/api.w.org\/{rel}","templated":true}]}}