{"id":1782,"date":"2025-10-03T18:22:52","date_gmt":"2025-10-03T18:22:52","guid":{"rendered":"https:\/\/jesus-reformation.com\/?page_id=1782"},"modified":"2025-10-03T19:21:25","modified_gmt":"2025-10-03T19:21:25","slug":"duerfen-muessen-wir-jesus-anbeten","status":"publish","type":"page","link":"https:\/\/jesus-reformation.com\/?page_id=1782","title":{"rendered":"D\u00fcrfen\/ m\u00fcssen wir Jesus anbeten?"},"content":{"rendered":"\n<figure class=\"wp-block-image size-large\"><img loading=\"lazy\" decoding=\"async\" width=\"1024\" height=\"507\" src=\"https:\/\/jesus-reformation.com\/wp1\/wp-content\/uploads\/2025\/10\/christ-1024x507.jpg\" alt=\"\" class=\"wp-image-1837\" srcset=\"https:\/\/jesus-reformation.com\/wp1\/wp-content\/uploads\/2025\/10\/christ-1024x507.jpg 1024w, https:\/\/jesus-reformation.com\/wp1\/wp-content\/uploads\/2025\/10\/christ-300x148.jpg 300w, https:\/\/jesus-reformation.com\/wp1\/wp-content\/uploads\/2025\/10\/christ-768x380.jpg 768w, https:\/\/jesus-reformation.com\/wp1\/wp-content\/uploads\/2025\/10\/christ-1536x760.jpg 1536w, https:\/\/jesus-reformation.com\/wp1\/wp-content\/uploads\/2025\/10\/christ.jpg 1920w\" sizes=\"auto, (max-width: 1024px) 100vw, 1024px\" \/><\/figure>\n\n\n\n<h2 class=\"wp-block-heading\"><strong>Warum viele mit \u00abNein!\u00bb antworten\u2026<\/strong><\/h2>\n\n\n\n<p>Zeugen Jehovas und Muslime betonen es mit Nachdruck: \u00abEs ist total falsch, dass man Jesus anbetet! Nur Gott allein darf angebetet werden!\u00bb Dabei verweisen sie oft auch auf eine Aussage von Jesus selbst. Nachdem n\u00e4mlich der Teufel zu Jesus gesagt hat \u00abDies alles [alle Reiche der Welt] will ich dir geben, wenn du niederf\u00e4llst und mich&nbsp;<em>anbetest<\/em>!\u00bb (Matth\u00e4us 4,9), antwortete ihm Jesus Folgendes: \u00ab<strong>Du sollst den Herrn, deinen Gott, [allein]&nbsp;<em>anbeten<\/em>&nbsp;und ihm allein dienen!<\/strong>\u00bb (Matth\u00e4us 4,10).<sup><a href=\"javascript:void(0)\">1<\/a><\/sup><\/p>\n\n\n\n<p>Das griechische Wort f\u00fcr \u00abanbeten\u00bb ist \u00abprosk\u00fcnein\u00bb, was w\u00f6rtlich \u00absich vor jemanden (verehrend) niederwerfen\u00bb bedeutet und im Alten Testament vor allem f\u00fcr das hingegebene Anbeten des wahren Gottes<sup><a href=\"javascript:void(0)\">2<\/a><\/sup>&nbsp;oder von anderen \u00abG\u00f6ttern\u00bb verwendet wird.<sup><a href=\"javascript:void(0)\">3<\/a><\/sup>&nbsp;Dass man sich (verehrend) vor einem anderen Gott niederwirft, wird im Alten Testament immer wieder mit aller Deutlichkeit verboten.<sup><a href=\"javascript:void(0)\">4<\/a><\/sup>Und auch Jesus weist die Aufforderung des Teufels, niederzufallen und sich vor ihm verehrend niederzuwerfen, vehement zur\u00fcck: \u00abAllein vor Gott soll man sich verehrend niederwerfen!\u00bb.<\/p>\n\n\n\n<h4 class=\"wp-block-heading\"><strong>Jesus liess es zu, dass Leute ihn \u00abangebetet\u00bb haben!<\/strong><\/h4>\n\n\n\n<p>Jetzt ist es sehr interessant, dass sich mehrfach Menschen verehrend bzw. anbetend vor Jesus niedergeworfen haben (dabei wird auch immer das Wort \u00abprosk\u00fcnein\u00bb gebraucht). Die ersten, die sich vor Jesus verehrend niedergeworfen haben, waren die \u00abWeisen aus dem Morgenland\u00bb (Matth\u00e4us 2,11). Jetzt k\u00f6nnte man sagen: \u00abJesus war damals noch ein Baby und konnte die nur Gott geb\u00fchrende Verehrung, die ihm entgegengebracht wurde, nicht zur\u00fcckweisen!\u00bb. Ok. Aber was ist mit zahlreichen F\u00e4llen, wo sich Menschen vor dem erwachsenen Jesus \u00abverehrend niedergeworfen\u00bb haben (siehe z.&nbsp;B. Matth\u00e4us 14,33; 28,9.17; Lukas 24,52; Johannes 9,38)? Nie hat Jesus gesagt: \u00abIhr d\u00fcrft euch alleine vor Gott verehrend niederwerfen!\u00bb Nachdem Jesus auf dem Wasser gelaufen und zu den J\u00fcngern ins Boot gestiegen war und den Sturm gestillt hatte, warfen sich seine J\u00fcnger vor Jesus nieder und sprachen: \u00abWahrhaftig, du bist Gottes Sohn!\u00bb (Matth\u00e4us 14,25-33). Was sagt Jesus? Nichts! Er l\u00e4sst diesen Akt der Anbetung einfach stehen.<\/p>\n\n\n\n<h4 class=\"wp-block-heading\"><strong>Die \u00abAnbetung\u00bb Jesu ist von Gott gewollt!<\/strong><\/h4>\n\n\n\n<p>Als sich der r\u00f6mische Hauptmann Kornelius vor Petrus niederwarf, richtete er ihn sofort auf und sagte: \u00abSteh auf! Auch ich bin ein Mensch.\u00bb (Apostelgeschichte 10,25-26). Sogar ein m\u00e4chtiger Engel lehnte es vehement ab, dass der Apostel Johannes sich anbetend vor ihm niederwirft, indem er sagte: \u00abNicht! Ich bin dein Mitknecht\u2026 Bete Gott an!\u00bb (Offenbarung 19,10; 22,8-9). Warum lehnte es Jesus nicht ab, dass Menschen sich vor ihm niederwarfen? Warum liess er sich verehren bzw. anbeten? Die Antwort liegt auf der Hand: Weil er wusste, dass Gott, der Vater, es so wollte. Jesus sagt es in Johannes 5,22-23 deutlich:<\/p>\n\n\n\n<p>\u00abGott, der Vater, richtet auch niemand, sondern das ganze Gericht hat er dem Sohn gegeben, damit alle den Sohn ehren, wie sie den Vater ehren. Wer den Sohn nicht ehrt, ehrt den Vater nicht, der ihn gesandt hat.\u00bb<\/p>\n\n\n\n<p>Dass die Anbetung Jesu in der Vergangenheit, Gegenwart und aller Zukunft von Gott gewollt ist, zeigen z.&nbsp;B. auch folgende Bibelstellen:<\/p>\n\n\n\n<p>\u00abUnd \u2026 ich [Johannes] h\u00f6rte eine Stimme vieler Engel rings um den Thron her und um die lebendigen Wesen und um die \u00c4ltesten; und ihre Zahl war Zehntausende mal Zehntausende und Tausende mal Tausende, die mit lauter Stimme sprachen: W\u00fcrdig ist das Lamm [= Jesus Christus<sup><a href=\"javascript:void(0)\">5<\/a><\/sup>], das geschlachtet worden ist, zu empfangen die Macht und Reichtum und Weisheit und St\u00e4rke und Ehre und Herrlichkeit und Lobpreis. Und jedes Gesch\u00f6pf, das im Himmel und auf der Erde und unter der Erde und auf dem Meer ist, und alles, was in ihnen ist, h\u00f6rte ich sagen: Dem, der auf dem Thron sitzt, und dem Lamm den Lobpreis und die Ehre und die Herrlichkeit und die Macht von Ewigkeit zu Ewigkeit! Und die vier lebendigen Wesen sprachen: Amen! Und die \u00c4ltesten fielen nieder und beteten an.\u00bb&nbsp;&nbsp;<em>Offenbarung 5,11-14<\/em><\/p>\n\n\n\n<p>\u00abDarum hat Gott ihn auch hoch erhoben und ihm den Namen verliehen, der \u00fcber jeden Namen ist, damit in dem Namen Jesu jedes Knie sich beuge, der Himmlischen und Irdischen und Unterirdischen, und jede Zunge bekenne, dass Jesus Christus Herr ist, zur Ehre Gottes, des Vaters.\u00bb&nbsp;&nbsp;<em>Philipper 2,9-11<\/em><\/p>\n\n\n\n<h4 class=\"wp-block-heading\"><strong>Jesus ist (auch) Gott!<\/strong><\/h4>\n\n\n\n<p>Aber ist das nicht ein krasser Widerspruch: Jesus l\u00e4sst sich gottgewollt anbeten und gleichzeitig betont er: \u00abGott allein soll angebetet werden!\u00bb? Es ist nur dann ein Widerspruch, wenn man (wie z.&nbsp;B. die Zeugen Jehovas, die Muslime und neuerdings auch immer mehr Christen) es leugnet, dass Jesus nicht nur&nbsp;<em>100% Mensch<sup><a href=\"javascript:void(0)\">6<\/a><\/sup>&nbsp;<\/em>ist, sondern auch&nbsp;<em>100% Gott<\/em>. Dass Jesus wie der Vater eben doch (auch) \u00abGott\u00bb ist, betonen die neutestamentlichen Autoren z.&nbsp;B. an folgenden Stellen klar und deutlich:<\/p>\n\n\n\n<ul class=\"wp-block-list\">\n<li>Johannes 1,1: \u00ab<strong>Im Anfang war das Wort<\/strong>\u00a0[nach Vers 14 meint es den Mensch gewordenen Jesus]<strong>, und das Wort war bei Gott, und das Wort war Gott.<\/strong>\u00bb<\/li>\n\n\n\n<li>Hebr\u00e4er 1,8: \u00ab<strong>Von dem Sohn aber spricht der Vater: \u2018Dein Thron, o Gott, ist von Ewigkeit zu Ewigkeit\u2026\u2019<\/strong><sup><a href=\"javascript:void(0)\">7<\/a><\/sup>\u00bb<\/li>\n\n\n\n<li>1.Johannes 5,20: \u00ab<strong>Dieser [= Jesus Christus] ist der wahrhaftige Gott und das ewige Leben<\/strong>.\u00bb<sup><a href=\"javascript:void(0)\">8<\/a><\/sup><\/li>\n<\/ul>\n\n\n\n<p><a href=\"https:\/\/jesus-reformation.ch\/muessen-wir-jesus-anbeten\/#_ftnref1\"><\/a><\/p>\n\n\n\n<p>In R\u00f6mer 10,13 identifiziert Paulus Jesus sogar mit Jahwe selbst. Er schreibt dort n\u00e4mlich: \u00ab<strong>Jeder, der den Namen des Herrn anrufen wird, wird errettet werden.<\/strong>\u00bb Mit \u00abdem Herrn\u00bb meint Paulus unmissverst\u00e4ndlich Jesus Christus (siehe R\u00f6mer 10,9: \u00abWenn du mit deinem Mund Jesus als Herrn bekennst\u2026\u00bb; und siehe auch die Argumentation in R\u00f6mer 10,10-12). Wichtig ist nun zu beachten, dass Paulus in R\u00f6mer 10,13 aus der griechischen \u00dcbersetzung von Joel 3,5 zitiert. Aus dem Hebr\u00e4ischen \u00fcbersetzt steht dort Folgendes: \u00abJeder, der den Namen Jahwes anrufen wird, wird errettet werden.\u00bb Mit anderen Worten: Paulus sieht in Jahwe (auch) Jesus, sonst w\u00fcrde er es nie und nimmer wagen, den Vers aus Joel 3,5 zu zitieren und auf Jesus zu \u00fcbertragen.<\/p>\n\n\n\n<h4 class=\"wp-block-heading\"><strong>Schon das Alte Testament zeigt: Gott \u00abbesteht\u00bb aus mindestens zwei Personen!<\/strong><\/h4>\n\n\n\n<p>Schon von Beginn weg macht es Gott in der Bibel deutlich, dass er als der&nbsp;<em>eine<\/em>&nbsp;Gott aus mindestens zwei Personen \u00abbesteht\u00bb, wenn er in 1.Mose 1,26 sagt: \u00abLasst&nbsp;<em>uns<\/em>&nbsp;Menschen machen nach&nbsp;<em>unserem<\/em>&nbsp;Bild!\u00bb.<\/p>\n\n\n\n<p>Interessant ist dabei die Tatsache, dass im Alten Testament mehrmals der \u00abEngel Gottes\u00bb bzw. \u00abEngel Jahwes\u00bb mit Gott bzw. Jahwe gleichgesetzt wird.<sup><a href=\"javascript:void(0)\">9<\/a><\/sup>&nbsp;Die eindr\u00fccklichste Stelle ist 2.Mose 3,1-6. Im zweiten Vers heisst es: \u00abDa erschien ihm der Engel Jahwes in einer Feuerflamme mitten aus dem Dornbusch.\u00bb In Vers 4-5 lesen wir dann: \u00abAls aber Jahwe sah, dass er herzutrat, um zu sehen, da rief ihm GOTT mitten aus dem Dornbusch zu und sprach: Mose! Mose! Er antwortete: Hier bin ich. Und er sprach: Tritt nicht n\u00e4her heran! Zieh deine Sandalen von deinen F\u00fc\u00dfen, denn die St\u00e4tte, auf der du stehst, ist heiliger Boden!\u00bb<\/p>\n\n\n\n<p>Wenn man nun bedenkt, dass das hebr\u00e4ische Wort f\u00fcr \u00abEngel\u00bb w\u00f6rtlich zun\u00e4chst einfach \u00abBote\u00bb bzw. \u00abGesandter\u00bb bedeutet, dann ist es kein Problem im \u00abEngel Jahwes\u00bb Jesus zu sehen, der nach dem Neuen Testament kein eigentlicher Engel im Sinn eines von Gott geschaffenen Geistwesens ist, sondern der ewige, ungeschaffene Sohn Gottes bzw. Gott selbst. Und das Gesandter-Sein passt sehr gut zu der sehr h\u00e4ufigen Selbstbeschreibung Jesu in den Evangelien \u00abIch bin gesandt\u2026\u00bb.<sup><a href=\"javascript:void(0)\">10<\/a><\/sup><\/p>\n\n\n\n<h4 class=\"wp-block-heading\"><strong>Jesus bekr\u00e4ftigt sein Gott-Sein!<\/strong><\/h4>\n\n\n\n<p>Ja, Jesus hat selbst nie direkt gesagt: \u00abIch bin Gott!\u00bb Aber indirekt hat er es mehrfach bekr\u00e4ftigt und nie widersprochen, wenn jemand ihm das \u00abunterstellt\u00bb hat.<\/p>\n\n\n\n<p>So sagt er z. B. in Johannes 10,30: \u00ab<strong>Ich und der Vater sind eins!<\/strong>\u00bb. Auf diese Aussage hin hoben die Juden Steine auf, um Jesus zu t\u00f6ten. Ihre Begr\u00fcndung lautete: \u00abDu machst dich selbst zu Gott!\u00bb (Johannes 10,31-33).<\/p>\n\n\n\n<p>Auch durch eine andere Aussage erz\u00fcrnte Jesus die Schriftgelehrten einmal sehr. \u00ab<strong>Mensch, deine S\u00fcnden sind dir vergeben!<\/strong>\u00bb, sagte Jesus zu einem Gel\u00e4hmten (Lukas 5,20). \u00abWer ist dieser, der solche L\u00e4sterungen redet? Wer kann S\u00fcnden vergeben ausser Gott allein?\u00bb, war die Reaktion der Leute (Markus 2,7), die die Aussagen des Alten Testaments gut kannten, dass die Vergebung der S\u00fcnden (nur) von Gott geschenkt wird.<sup><a href=\"javascript:void(0)\">11<\/a><\/sup><\/p>\n\n\n\n<p>Ein anderer indirekter Hinweis von Jesus, dass er Gott ist, sehen wir nach Ostern. Als der Apostel Thomas staunend vor dem auferstandenen Jesus steht und ruft: \u00ab<strong>Mein Herr und mein Gott!<\/strong>\u00bb (Johannes 20,28), weist Jesus ihn nicht als Gottesl\u00e4sterer zurecht, sondern sagt: \u00abWeil du mich gesehen hast, hast du geglaubt. Gl\u00fcckselig sind, die nicht gesehen und doch geglaubt haben!\u00bb (Johannes 20,29).<\/p>\n\n\n\n<p><a href=\"https:\/\/jesus-reformation.ch\/muessen-wir-jesus-anbeten\/#_ftnref1\"><\/a><\/p>\n\n\n\n<p>Klar: Auch wenn Jesus wie der Vater Gott ist, er unterordnet sich doch Gott, dem Vater, und seinem Willen. So sagt Jesus z.&nbsp;B. in Joh 14,28 \u00abDer Vater ist gr\u00f6\u00dfer als ich.\u00bb und in Johannes 5,30: \u00abIch suche nicht meinen Willen, sondern den Willen dessen, der mich gesandt hat.\u00bb.<\/p>\n\n\n\n<p>Zusammenfassend k\u00f6nnen wir also sagen: Es ist nicht nur&nbsp;<em>nicht<\/em>&nbsp;verboten, dass wir Jesus anbeten, sondern sogar geboten. Jesus hat es deutlich gesagt: \u00abWer den Sohn nicht (so) ehrt (wie den Vater), ehrt den Vater nicht!\u00bb (Johannes 5,23).<\/p>\n\n\n\n<h4 class=\"wp-block-heading\"><strong>Jesus wahrhaftig \u00abanzubeten\u00bb geht nicht ohne praktischen Gehorsam!<\/strong><\/h4>\n\n\n\n<p>Wer jetzt meint, dass Jesus anzubeten lediglich bedeutet, sich vor ihm verehrend niederzubeugen und\/oder ihm irgendwelche herrlichen Worte zu sagen bzw. zu singen, t\u00e4uscht sich gef\u00e4hrlich. Wichtiger als der Lobpreis mit den Lippen (der gut und wichtig ist), ist die Anbetung Jesu durch ein Leben, in dem man sich ihm hingibt und ihm ganz gehorcht.<sup><a href=\"javascript:void(0)\">12<\/a><\/sup>&nbsp;Schon in 1.Samuel 15,22 lesen wir: \u00abHat der HERR [wirklich] so viel Lust an Brandopfern und Schlachtopfern wie daran, dass man der Stimme des HERRN gehorcht? Siehe, Gehorchen ist besser als Schlachtopfer [und die sie begleitenden Gebete].\u00bb Wie sehr Jesus nicht nur am verehrenden Liebesbekenntnis mit Worten, sondern an Taten interessiert ist, hat er in Johannes 14,15 ausdr\u00fccklich gesagt: \u00ab<strong>Wenn ihr mich liebt, so werdet ihr meine Gebote halten!<\/strong>\u00bb.<\/p>\n\n\n\n<p>So ist es auch kein Zufall, dass Jesus zu seinen sich vor ihm anbetend niederwerfenden J\u00fcngern<sup><a href=\"javascript:void(0)\">13<\/a><\/sup>&nbsp;sagt: \u00abGeht nun hin und macht alle Nationen zu J\u00fcngern \u2026 und lehrt sie alles zu bewahren, was ich euch geboten habe!\u00bb (Matth\u00e4us 28,19-20).<\/p>\n\n\n\n<h4 class=\"wp-block-heading\"><strong>Jesus will sich denen offenbaren, die ihn momentan noch als Gott ablehnen!<\/strong><\/h4>\n\n\n\n<p>Vor einiger Zeit traf ich auf der Strasse einen sehr gelehrten Muslim mit seiner Frau und Tochter. Erst im Nachhinein habe ich erfahren, dass er eine Schrift verfasst hat, wo er mit Bibelstellen zu belegen versucht, dass Jesus nicht Gott ist und man ihn nicht anbeten soll. Ich fragte den Mann, ob jemand seiner Familie k\u00f6rperliche Schmerzen hatte. Er verwies auf seine Frau, die immer wieder Kopfschmerzen habe, auch aktuell. Ich durfte f\u00fcr sie im Namen von Jesus beten. Die Schmerzen waren sofort nach meinem kurzen Gebet zur \u00dcberraschung aller weg! Auch f\u00fcr die Tochter durfte ich beten. Und auch sie wurde von Jesus geheilt. Dann fing ich an, mit allen drei \u00fcber das Evangelium und die Person Jesu zu reden. Am Schluss unseres Gespr\u00e4ches wollte ich dem Mann meine Karte gegeben, aber er wies sie zur\u00fcck. Als ich nach dem Grund fragte, sagte er sinngem\u00e4ss: \u00abIch will mich nicht weiter in Versuchung bringen!\u00bb Sein bisheriges Jesus- und Gottesbild hatte durch die Heilungen und meine Argumente offenbar angefangen zu wanken, und davor hatte er Angst.<\/p>\n\n\n\n<p>Ist ein Umdenken auch bei dir dran? Dann lass es bitte zu. Jesus ist durch seinen Tod am Kreuz und seine Auferstehung nicht nur der einzige Weg zu Gott, dem Vater, der dich liebt. Jesus ist auch \u00abder wahrhaftige Gott\u00bb, der von dir angebetet werden m\u00f6chte! Bitte entscheide dich, noch heute deine Knie (auch) vor Jesus zu beugen und umfassend Busse zu tun, bevor er es zu sp\u00e4t daf\u00fcr ist!<\/p>\n\n\n\n<p>Dr. Lukas Stolz<\/p>\n","protected":false},"excerpt":{"rendered":"<p>Warum viele mit \u00abNein!\u00bb antworten\u2026 Zeugen Jehovas und Muslime betonen es mit Nachdruck: \u00abEs ist total falsch, dass man Jesus anbetet! Nur Gott allein darf angebetet werden!\u00bb Dabei verweisen sie oft auch auf eine Aussage von Jesus selbst. Nachdem n\u00e4mlich der Teufel zu Jesus gesagt hat \u00abDies alles [alle Reiche der Welt] will ich dir&#8230;<\/p>\n","protected":false},"author":1,"featured_media":0,"parent":0,"menu_order":0,"comment_status":"closed","ping_status":"closed","template":"","meta":{"_kadence_starter_templates_imported_post":false,"_kad_post_transparent":"","_kad_post_title":"","_kad_post_layout":"","_kad_post_sidebar_id":"","_kad_post_content_style":"","_kad_post_vertical_padding":"","_kad_post_feature":"show","_kad_post_feature_position":"above","_kad_post_header":false,"_kad_post_footer":false,"_kad_post_classname":"","footnotes":""},"class_list":["post-1782","page","type-page","status-publish","hentry"],"jetpack_sharing_enabled":true,"_links":{"self":[{"href":"https:\/\/jesus-reformation.com\/index.php?rest_route=\/wp\/v2\/pages\/1782","targetHints":{"allow":["GET"]}}],"collection":[{"href":"https:\/\/jesus-reformation.com\/index.php?rest_route=\/wp\/v2\/pages"}],"about":[{"href":"https:\/\/jesus-reformation.com\/index.php?rest_route=\/wp\/v2\/types\/page"}],"author":[{"embeddable":true,"href":"https:\/\/jesus-reformation.com\/index.php?rest_route=\/wp\/v2\/users\/1"}],"replies":[{"embeddable":true,"href":"https:\/\/jesus-reformation.com\/index.php?rest_route=%2Fwp%2Fv2%2Fcomments&post=1782"}],"version-history":[{"count":3,"href":"https:\/\/jesus-reformation.com\/index.php?rest_route=\/wp\/v2\/pages\/1782\/revisions"}],"predecessor-version":[{"id":1838,"href":"https:\/\/jesus-reformation.com\/index.php?rest_route=\/wp\/v2\/pages\/1782\/revisions\/1838"}],"wp:attachment":[{"href":"https:\/\/jesus-reformation.com\/index.php?rest_route=%2Fwp%2Fv2%2Fmedia&parent=1782"}],"curies":[{"name":"wp","href":"https:\/\/api.w.org\/{rel}","templated":true}]}}