{"id":104,"date":"2020-04-16T09:40:45","date_gmt":"2020-04-16T07:40:45","guid":{"rendered":"http:\/\/jesus-reformation.ch\/?page_id=104"},"modified":"2025-10-03T17:33:59","modified_gmt":"2025-10-03T17:33:59","slug":"vision","status":"publish","type":"page","link":"https:\/\/jesus-reformation.com\/?page_id=104","title":{"rendered":"Vision und Werte"},"content":{"rendered":"<h1>Vision<\/h1>\n<p>Es ist Zeit f\u00fcr eine Reformation! Die Kirche und der in ihr gepredigte christliche Glaube brauchen weltweit dringend eine tiefgreifende Erneuerung.<\/p>\n<p>Wo die Kirche nicht mehr alle Lehren ihres Gr\u00fcnders annimmt und befolgt, verliert sie ihr Licht, ihre Kraft, im schlimmsten Fall Gott selbst. Jesus liebt seine Gemeinde. Er will sie durch die Bibel, sein ewiges, lebendiges und wahres Wort, neu formen und pr\u00e4gen, dass sie wieder (auf)lebt wie in ihren Anf\u00e4ngen.<\/p>\n<h2><strong>Unz\u00e4hlige Kirchen und Gemeinden erleben Erweckung!<\/strong><\/h2>\n<p>Ja, Gottes Wortes sagt, dass \u00abin sp\u00e4teren Zeiten manche vom Glauben abfallen\u00bb werden (1.Timotheus 4,1). Gleichzeitig offenbart der Herr in seinem Wort, dass ER seine Gemeinde so stabil bauen wird, dass ihr die Pforten der H\u00f6lle nichts anhaben k\u00f6nnen (Matth\u00e4us 16,18). Und der Herr zeigt durch die ganze Bibel hindurch immer wieder klar, dass er \u2212 aufgrund seiner Liebe und Gnade \u2212 stets willig ist, sein Volk immer wieder neu aus dem Schlaf der S\u00fcnde, der Gleichg\u00fcltigkeit und des Unglaubens zu erwecken \/ aufzuwecken und neu auf- und auszurichten, und zwar durch sein prophetisches Wort und das Wirken des Heiligen Geistes (Hesekiel 37,1-14; Matth\u00e4us 25,5-7; Lukas 21,36; R\u00f6mer 13,8-14; Epheser 5,3-14; 1.Thessalonicher 5,4-11; Offenbarung 16,15).<\/p>\n<p>Wir machen uns eins mit Gottes Vision: Die Gemeinde Jesu soll erf\u00fcllt mit \u00abder ersten Liebe\u00bb und \u00abden ersten Werken\u00bb (Offenbarung 2,4-5) ihrem wiederkommenden Herrn entgegengehen und als \u00abheilige\u00bb, \u00abunbefleckte\u00bb und \u00abtadellose\u00bb Braut vor ihm bestehen k\u00f6nnen (2.Korinther 11,2; Philipper 2,14-16; Kolosser 1,21-23; 1.Petrus 1,13-16; 2.Petrus 3,14; 1.Timotheus 6,13-14; Offenbarung 22,10-17).<\/p>\n<h2><strong>Unz\u00e4hlige\u00a0\u00abChristen\u00bb\u00a0h\u00f6ren zum ersten Mal das volle Evangelium und werden zu Jesus-J\u00fcngern.<\/strong><\/h2>\n<p>Weltweit bezeichnen sich mehr als zwei Milliarden Menschen als\u00a0\u00abChristen\u00bb. Sehr viele von ihnen kennen die Lehren von Jesus Christus aber nicht (wirklich), folgen ihm nicht nach und sind darum auf dem breiten Weg ins ewige Verderben (Matth\u00e4us 7,13-14; Johannes 3,16-21; 14,6; Lukas 9,23-26; Offenbarung 20,11-15).\u00a0Das darf nicht sein!<\/p>\n<p>Unsere Vision ist es, dass noch unz\u00e4hlige\u00a0Christen\u00a0aus verschiedensten Kirchen das volle Evangelium h\u00f6ren, eine echte Neugeburt\u00a0\u00abaus Wasser und Geist\u00bb\u00a0erleben (Johannes 3,3-5; Apostelgeschichte 2,38)\u00a0und zu Jesus-J\u00fcngern werden, die ihrem Herrn hingegeben dienen und seinen Willen tun\u00a0(Matth\u00e4us 5-7 und 10,7-39).<\/p>\n<p>&nbsp;<\/p>\n<h3><strong>Unz\u00e4hlige Jesus-J\u00fcnger leben Kirche\/Gemeinde auch auf \u00f6ffentlichen Pl\u00e4tzen und in Wohnungen oder H\u00e4usern, lieben den dreieinigen Gott immer mehr, beten ihn an und werden zuger\u00fcstet f\u00fcr die grosse Ernte.<\/strong><\/h3>\n<p>&nbsp;<\/p>\n<p>So sch\u00f6n manche Kirchengeb\u00e4ude sind: Jesus hat uns nie aufgefordert, sie zu bauen! Ja, Jesus nutzte die Gelegenheit und predigte auch in den Synagogen Israels und im Jerusalemer Tempel. Aber die meiste Zeit verbrachte er mit seinen J\u00fcngern auf Wegen, Pl\u00e4tzen, Wiesen, Bergen, am Seeufer, auf Booten und in H\u00e4usern. Dort predigte er zahlreichen suchenden Menschen, heilte Kranke und lebte t\u00e4glich eine enge, famili\u00e4re Gemeinschaft mit seinen Nachfolgern. So ist es kein Zufall, dass sich die J\u00fcnger Jesu auch nach der Himmelfahrt ihres Meisters prim\u00e4r an \u00f6ffentlichen Orten und in Wohnh\u00e4usern trafen und t\u00e4glich Gemeinde als geistliche Familie lebten (Apostelgeschichte 2,41-47; 4,32-35; 5,12; 5,42; 19,9; 20,20).<\/p>\n<p>Unsere Vision ist es, dass sich noch unz\u00e4hlige Jesus-J\u00fcnger (auch Pastoren und Leiter) nicht mehr nur mit einem 1- bis 2-st\u00fcndigen Sonntagsgottesdienst in einem Kirchengeb\u00e4ude zufrieden geben, sondern anfangen, 1) sich immer wieder auch auf \u00f6ffentlichen Pl\u00e4tzen zu treffen, um Salz und Licht zu sein, und 2) sich wie die ersten Christen so oft wie m\u00f6glich auch in Wohnungen oder H\u00e4usern zu versammeln, um gemeinsam zu essen, in der Bibel zu lesen, auf Gott zu h\u00f6ren und ihn anzubeten (Apostelgeschichte\u00a02,41-47). In Hausversammlungen, wo man miteinander isst, l\u00e4nger gemeinsam Gott sucht und offen \u00fcber pers\u00f6nliche Fragen und Herausforderungen austauscht, kann man in der Jesus-Nachfolge grunds\u00e4tzlich viel schneller wachsen als bei gro\u00dfen, oft anonymen Kirchenanl\u00e4ssen.<\/p>\n<p>Unsere Vision ist es, dass noch unz\u00e4hlige Jesus-J\u00fcnger durch das Leben in erweckten, geisterf\u00fcllten\u00a0und von Gottes Wort gepr\u00e4gten Gemeinden, durch Schulungsangebote des f\u00fcnff\u00e4ltigen Dienstes (Epheser 4,11-13) und durch gemeinsame praktische Eins\u00e4tze v\u00f6llig ausger\u00fcstet werden, 1) so liebevoll zu leben wie der Meister, 2) das volle Evangelium zu verk\u00fcnden, 3) Kranke zu heilen und D\u00e4monen auszutreiben, 4) Leute zur Busse zu f\u00fchren und sie zu taufen und 5) sie zu lehren, alles zu tun, was Jesus seinen ersten\u00a0\u00abGesandten\u00bb\u00a0(Apostel) befohlen hat (Matth\u00e4us 10,7-8; 28,19-20).\u00a0Denn \u2212 wie es Jesus gesagt hat \u2212\u00a0\u00abdie Ernte ist gross, aber die Arbeiter sind wenige\u00bb\u00a0(Matth\u00e4us 9,37).<\/p>\n<p>&nbsp;<\/p>\n<h2><strong>Unz\u00e4hlige unerreichte Menschen aller V\u00f6lker finden zu Jesus und werden gerettet.<\/strong><\/h2>\n<p>Weltweit haben viele Menschen noch nie das volle Evangelium geh\u00f6rt. Das soll sich \u00e4ndern!<\/p>\n<p>Unsere Vision ist es, dass noch unz\u00e4hlige Menschen auf der ganzen Welt von Jesus als dem einzigen Weg zu Gott h\u00f6ren und so die M\u00f6glichkeit erhalten, gerettet zu werden (Markus 16,15-16).\u00a0Dazu investieren wir uns lokal und international mit Schulungen verschiedenster Art in Jesus-J\u00fcnger, damit sie Menschen zu Jesus f\u00fchren und andere J\u00fcnger bef\u00e4higen k\u00f6nnen, die Unerreichten zu erreichen. Wir produzieren auch evangelistische Videos, die Atheisten, Agnostikern, Muslimen, Hindus, Buddhisten,\u00a0Christen\u00a0etc. helfen sollen, ihre Vorurteile gegen\u00fcber dem christlichen Glauben abzulegen und sich f\u00fcr das Leben mit Jesus zu entscheiden.<\/p>\n\n<style>.kb-row-layout-id104_c8fb9f-76 > .kt-row-column-wrap{align-content:start;}:where(.kb-row-layout-id104_c8fb9f-76 > .kt-row-column-wrap) > .wp-block-kadence-column{justify-content:start;}.kb-row-layout-id104_c8fb9f-76 > .kt-row-column-wrap{column-gap:var(--global-kb-gap-md, 2rem);row-gap:var(--global-kb-gap-md, 2rem);padding-top:var(--global-kb-spacing-sm, 1.5rem);padding-bottom:var(--global-kb-spacing-sm, 1.5rem);}.kb-row-layout-id104_c8fb9f-76 > .kt-row-column-wrap > div:not(.added-for-specificity){grid-column:initial;}.kb-row-layout-id104_c8fb9f-76 > .kt-row-column-wrap{grid-template-columns:repeat(3, minmax(0, 1fr));}.kb-row-layout-id104_c8fb9f-76 > .kt-row-layout-overlay{opacity:0.30;}@media all and (max-width: 1024px){.kb-row-layout-id104_c8fb9f-76 > .kt-row-column-wrap > div:not(.added-for-specificity){grid-column:initial;}}@media all and (max-width: 1024px){.kb-row-layout-id104_c8fb9f-76 > .kt-row-column-wrap{grid-template-columns:repeat(3, minmax(0, 1fr));}}@media all and (max-width: 767px){.kb-row-layout-id104_c8fb9f-76 > .kt-row-column-wrap > div:not(.added-for-specificity){grid-column:initial;}.kb-row-layout-id104_c8fb9f-76 > .kt-row-column-wrap{grid-template-columns:minmax(0, 1fr);}}<\/style><div class=\"kb-row-layout-wrap kb-row-layout-id104_c8fb9f-76 alignnone wp-block-kadence-rowlayout\"><div class=\"kt-row-column-wrap kt-has-3-columns kt-row-layout-equal kt-tab-layout-inherit kt-mobile-layout-row kt-row-valign-top\">\n<style>.kadence-column104_14f67e-50 > .kt-inside-inner-col,.kadence-column104_14f67e-50 > .kt-inside-inner-col:before{border-top-left-radius:0px;border-top-right-radius:0px;border-bottom-right-radius:0px;border-bottom-left-radius:0px;}.kadence-column104_14f67e-50 > .kt-inside-inner-col{column-gap:var(--global-kb-gap-sm, 1rem);}.kadence-column104_14f67e-50 > .kt-inside-inner-col{flex-direction:column;}.kadence-column104_14f67e-50 > .kt-inside-inner-col > .aligncenter{width:100%;}.kadence-column104_14f67e-50 > .kt-inside-inner-col:before{opacity:0.3;}.kadence-column104_14f67e-50{position:relative;}@media all and (max-width: 1024px){.kadence-column104_14f67e-50 > .kt-inside-inner-col{flex-direction:column;justify-content:center;}}@media all and (max-width: 767px){.kadence-column104_14f67e-50 > .kt-inside-inner-col{flex-direction:column;justify-content:center;}}<\/style>\n<div class=\"wp-block-kadence-column kadence-column104_14f67e-50\"><div class=\"kt-inside-inner-col\">\n<figure class=\"wp-block-embed is-type-video is-provider-youtube wp-block-embed-youtube wp-embed-aspect-16-9 wp-has-aspect-ratio\"><div class=\"wp-block-embed__wrapper\">\n<iframe loading=\"lazy\" title=\"3. Christ oder J\u00fcnger? (TLR Kickstart Seminar)\" width=\"720\" height=\"405\" src=\"https:\/\/www.youtube.com\/embed\/z3zUfOMqJ_0?feature=oembed\" frameborder=\"0\" allow=\"accelerometer; autoplay; clipboard-write; encrypted-media; gyroscope; picture-in-picture; web-share\" referrerpolicy=\"strict-origin-when-cross-origin\" allowfullscreen><\/iframe>\n<\/div><\/figure>\n<\/div><\/div>\n\n\n<style>.kadence-column104_2f13d2-f5 > .kt-inside-inner-col,.kadence-column104_2f13d2-f5 > .kt-inside-inner-col:before{border-top-left-radius:0px;border-top-right-radius:0px;border-bottom-right-radius:0px;border-bottom-left-radius:0px;}.kadence-column104_2f13d2-f5 > .kt-inside-inner-col{column-gap:var(--global-kb-gap-sm, 1rem);}.kadence-column104_2f13d2-f5 > .kt-inside-inner-col{flex-direction:column;}.kadence-column104_2f13d2-f5 > .kt-inside-inner-col > .aligncenter{width:100%;}.kadence-column104_2f13d2-f5 > .kt-inside-inner-col:before{opacity:0.3;}.kadence-column104_2f13d2-f5{position:relative;}@media all and (max-width: 1024px){.kadence-column104_2f13d2-f5 > .kt-inside-inner-col{flex-direction:column;justify-content:center;}}@media all and (max-width: 767px){.kadence-column104_2f13d2-f5 > .kt-inside-inner-col{flex-direction:column;justify-content:center;}}<\/style>\n<div class=\"wp-block-kadence-column kadence-column104_2f13d2-f5\"><div class=\"kt-inside-inner-col\">\n<figure class=\"wp-block-embed is-type-video is-provider-youtube wp-block-embed-youtube wp-embed-aspect-16-9 wp-has-aspect-ratio\"><div class=\"wp-block-embed__wrapper\">\n<iframe loading=\"lazy\" title=\"9. Was ist &quot;Gemeinde&quot;? - Ein reformatorischer Weckruf! (TLR Kickstart Seminar)\" width=\"720\" height=\"405\" src=\"https:\/\/www.youtube.com\/embed\/TtSUnnFXgQs?feature=oembed\" frameborder=\"0\" allow=\"accelerometer; autoplay; clipboard-write; encrypted-media; gyroscope; picture-in-picture; web-share\" referrerpolicy=\"strict-origin-when-cross-origin\" allowfullscreen><\/iframe>\n<\/div><\/figure>\n<\/div><\/div>\n\n\n<style>.kadence-column104_c1f6e5-c7 > .kt-inside-inner-col,.kadence-column104_c1f6e5-c7 > .kt-inside-inner-col:before{border-top-left-radius:0px;border-top-right-radius:0px;border-bottom-right-radius:0px;border-bottom-left-radius:0px;}.kadence-column104_c1f6e5-c7 > .kt-inside-inner-col{column-gap:var(--global-kb-gap-sm, 1rem);}.kadence-column104_c1f6e5-c7 > .kt-inside-inner-col{flex-direction:column;}.kadence-column104_c1f6e5-c7 > .kt-inside-inner-col > .aligncenter{width:100%;}.kadence-column104_c1f6e5-c7 > .kt-inside-inner-col:before{opacity:0.3;}.kadence-column104_c1f6e5-c7{position:relative;}@media all and (max-width: 1024px){.kadence-column104_c1f6e5-c7 > .kt-inside-inner-col{flex-direction:column;justify-content:center;}}@media all and (max-width: 767px){.kadence-column104_c1f6e5-c7 > .kt-inside-inner-col{flex-direction:column;justify-content:center;}}<\/style>\n<div class=\"wp-block-kadence-column kadence-column104_c1f6e5-c7\"><div class=\"kt-inside-inner-col\">\n<figure class=\"wp-block-embed is-type-video is-provider-youtube wp-block-embed-youtube wp-embed-aspect-16-9 wp-has-aspect-ratio\"><div class=\"wp-block-embed__wrapper\">\n<iframe loading=\"lazy\" title=\"This is Discipling - German Version\" width=\"720\" height=\"405\" src=\"https:\/\/www.youtube.com\/embed\/hIkUsR65SNc?start=2&#038;feature=oembed\" frameborder=\"0\" allow=\"accelerometer; autoplay; clipboard-write; encrypted-media; gyroscope; picture-in-picture; web-share\" referrerpolicy=\"strict-origin-when-cross-origin\" allowfullscreen><\/iframe>\n<\/div><\/figure>\n<\/div><\/div>\n\n<\/div><\/div>\n\n<h1>Werte<\/h1>\n<p>Die Bibel ist f\u00fcr uns Gottes wahres Wort, nach dem wir unser Leben ausrichten, und Jesus ist unser K\u00f6nig und Vorbild, dem wir nachfolgen. Darum wollen wir mit der Hilfe des Heiligen Geistes folgende Werte leben:<\/p>\n<h4><b>Liebe &amp; Respekt<\/b><\/h4>\n<p>Wir wollen jeden Menschen als ein von Gott geliebtes Gesch\u00f6pf ansehen, auch wenn er (noch) nicht so lebt, denkt und glaubt, wie sein Sch\u00f6pfer es m\u00f6chte.<sup class=\"modern-footnotes-footnote \" data-mfn=\"1\" data-mfn-post-scope=\"00000000000006900000000000000000_104\"><a role=\"button\" aria-pressed=\"false\" aria-describedby=\"mfn-content-00000000000006900000000000000000_104-1\">1<\/a><\/sup>\u00a0Wenn wir den Auftrag des himmlischen Vaters wahrnehmen und Menschen zum Glauben an Jesus und zur Umkehr von ihren S\u00fcnden aufrufen, wollen wir das im Normalfall auf eine respektvoll bittende Art tun.<sup class=\"modern-footnotes-footnote \" data-mfn=\"2\" data-mfn-post-scope=\"00000000000006900000000000000000_104\"><a role=\"button\" aria-pressed=\"false\" aria-describedby=\"mfn-content-00000000000006900000000000000000_104-2\">2<\/a><\/sup><\/p>\n<h4><b>Ungeschminkte Wahrheit\u00a0<\/b><\/h4>\n<p>Motiviert von Liebe und Barmherzigkeit wollen wir allen Menschen die volle, ungeschminkte Wahrheit (des Evangeliums) verk\u00fcnden.<sup class=\"modern-footnotes-footnote \" data-mfn=\"3\" data-mfn-post-scope=\"00000000000006900000000000000000_104\"><a role=\"button\" aria-pressed=\"false\" aria-describedby=\"mfn-content-00000000000006900000000000000000_104-3\">3<\/a><\/sup>\u00a0Auf keinen Fall wollen wir aus Angst vor Ablehnung zum Beispiel die schlimmen Konsequenzen verschweigen, die einem Menschen drohen, wenn er weiter losgel\u00f6st vom dreieinigen Gott in Selbstbestimmung und S\u00fcnde lebt.<sup class=\"modern-footnotes-footnote \" data-mfn=\"4\" data-mfn-post-scope=\"00000000000006900000000000000000_104\"><a role=\"button\" aria-pressed=\"false\" aria-describedby=\"mfn-content-00000000000006900000000000000000_104-4\">4<\/a><\/sup><\/p>\n<h4><b>Absolute Freiwilligkeit<\/b><\/h4>\n<p>Die Freiwilligkeit der Jesus-Nachfolge wollen wir stets beachten und in der Verk\u00fcndigung des Evangeliums betonen.<sup class=\"modern-footnotes-footnote \" data-mfn=\"5\" data-mfn-post-scope=\"00000000000006900000000000000000_104\"><a role=\"button\" aria-pressed=\"false\" aria-describedby=\"mfn-content-00000000000006900000000000000000_104-5\">5<\/a><\/sup>\u00a0Auf keinen Fall wollen wir einen Menschen dr\u00e4ngen, Schritte mit Jesus zu machen, wenn die Person das eigentlich gar nicht m\u00f6chte.<sup class=\"modern-footnotes-footnote \" data-mfn=\"6\" data-mfn-post-scope=\"00000000000006900000000000000000_104\"><a role=\"button\" aria-pressed=\"false\" aria-describedby=\"mfn-content-00000000000006900000000000000000_104-6\">6<\/a><\/sup>\u00a0<\/p>\n<h4><b>Sanftmut &amp; Demut<\/b><\/h4>\n<p>Wir wollen sanftm\u00fctig und von Herzen dem\u00fctig sein, wie es unser Meister auf der Erde war.<sup class=\"modern-footnotes-footnote \" data-mfn=\"7\" data-mfn-post-scope=\"00000000000006900000000000000000_104\"><a role=\"button\" aria-pressed=\"false\" aria-describedby=\"mfn-content-00000000000006900000000000000000_104-7\">7<\/a><\/sup>\u00a0Um anderen Menschen sanftm\u00fctig und dem\u00fctig begegnen zu k\u00f6nnen, wollen wir uns immer wieder bewusst machen, dass wir nur durch Gottes total unverdienter Gnade sind, was wir sind.<sup class=\"modern-footnotes-footnote \" data-mfn=\"8\" data-mfn-post-scope=\"00000000000006900000000000000000_104\"><a role=\"button\" aria-pressed=\"false\" aria-describedby=\"mfn-content-00000000000006900000000000000000_104-8\">8<\/a><\/sup>\u00a0Mit der Hilfe des Heiligen Geistes wollen wir alles allein zur Ehre des guten Gottes machen und jede Form von Hochmut aus unserem Leben verbannen.<sup class=\"modern-footnotes-footnote \" data-mfn=\"9\" data-mfn-post-scope=\"00000000000006900000000000000000_104\"><a role=\"button\" aria-pressed=\"false\" aria-describedby=\"mfn-content-00000000000006900000000000000000_104-9\">9<\/a><\/sup><\/p>\n<h4><b>Vergebungsbereitschaft<\/b><\/h4>\n<p>Wenn Menschen uns verleumden, beschimpfen oder Gewalt antun aufgrund unserer Verk\u00fcndigung des Evangeliums und\/oder unseres Leben mit Jesus, wollen wir sie segnen und ihnen von Herzen vergeben. B\u00f6ses wollen wir stets mit Gutem vergelten.<sup class=\"modern-footnotes-footnote \" data-mfn=\"10\" data-mfn-post-scope=\"00000000000006900000000000000000_104\"><a role=\"button\" aria-pressed=\"false\" aria-describedby=\"mfn-content-00000000000006900000000000000000_104-10\">10<\/a><\/sup><\/p>\n<p>&nbsp;<\/p>","protected":false},"excerpt":{"rendered":"<p>Vision Es ist Zeit f\u00fcr eine Reformation! Die Kirche und der in ihr gepredigte christliche Glaube brauchen weltweit dringend eine tiefgreifende Erneuerung. Wo die Kirche nicht mehr alle Lehren ihres Gr\u00fcnders annimmt und befolgt, verliert sie ihr Licht, ihre Kraft, im schlimmsten Fall Gott selbst. Jesus liebt seine Gemeinde. Er will sie durch die Bibel,&#8230;<\/p>\n","protected":false},"author":1,"featured_media":0,"parent":0,"menu_order":0,"comment_status":"closed","ping_status":"closed","template":"","meta":{"_kadence_starter_templates_imported_post":false,"_kad_post_transparent":"default","_kad_post_title":"default","_kad_post_layout":"default","_kad_post_sidebar_id":"","_kad_post_content_style":"default","_kad_post_vertical_padding":"default","_kad_post_feature":"","_kad_post_feature_position":"","_kad_post_header":false,"_kad_post_footer":false,"_kad_post_classname":"","footnotes":""},"class_list":["post-104","page","type-page","status-publish","hentry"],"jetpack_sharing_enabled":true,"_links":{"self":[{"href":"https:\/\/jesus-reformation.com\/index.php?rest_route=\/wp\/v2\/pages\/104","targetHints":{"allow":["GET"]}}],"collection":[{"href":"https:\/\/jesus-reformation.com\/index.php?rest_route=\/wp\/v2\/pages"}],"about":[{"href":"https:\/\/jesus-reformation.com\/index.php?rest_route=\/wp\/v2\/types\/page"}],"author":[{"embeddable":true,"href":"https:\/\/jesus-reformation.com\/index.php?rest_route=\/wp\/v2\/users\/1"}],"replies":[{"embeddable":true,"href":"https:\/\/jesus-reformation.com\/index.php?rest_route=%2Fwp%2Fv2%2Fcomments&post=104"}],"version-history":[{"count":4,"href":"https:\/\/jesus-reformation.com\/index.php?rest_route=\/wp\/v2\/pages\/104\/revisions"}],"predecessor-version":[{"id":1775,"href":"https:\/\/jesus-reformation.com\/index.php?rest_route=\/wp\/v2\/pages\/104\/revisions\/1775"}],"wp:attachment":[{"href":"https:\/\/jesus-reformation.com\/index.php?rest_route=%2Fwp%2Fv2%2Fmedia&parent=104"}],"curies":[{"name":"wp","href":"https:\/\/api.w.org\/{rel}","templated":true}]}}